{"id":519,"date":"2019-03-15T11:55:55","date_gmt":"2019-03-15T10:55:55","guid":{"rendered":"https:\/\/trummer.eu\/at\/?page_id=519"},"modified":"2023-04-09T11:16:51","modified_gmt":"2023-04-09T09:16:51","slug":"impressum","status":"publish","type":"page","link":"https:\/\/trummer.eu\/at\/impressum","title":{"rendered":"Impressum"},"content":{"rendered":"\n<p class=\"has-large-font-size\"><strong>IMPRESSUM<\/strong><\/p>\n\n\n\n<p>Informationspflicht lt. \u00a75 E-Commerce Gesetz, \u00a714 Unternehmensgesetzbuch und Offenlegungspflicht lt. \u00a725 Mediengesetz Daten zum Unternehmen <\/p>\n\n\n\n<p class=\"has-medium-font-size\"><strong>Firmenname:<\/strong><\/p>\n\n\n\n<p>Trummer Montage &amp; Personal Gesellschaft m.b.H. <\/p>\n\n\n\n<p class=\"has-medium-font-size\"><strong>Firmensitz:<\/strong><\/p>\n\n\n\n<p>Dietersdorf am Gnasbach 102 8093 St. Peter am Ottersbach <\/p>\n\n\n\n<p class=\"has-medium-font-size\"><strong>Kontakt: <\/strong><\/p>\n\n\n\n<p>Telefon: 0043 57 100-0<br>Fax: 0043 57 100-6 <br>E-Mail: office@trummer.eu <\/p>\n\n\n\n<p class=\"has-medium-font-size\"><strong>Rechtsform:<\/strong><\/p>\n\n\n\n<p>Gesellschaft mit beschr\u00e4nkter Haftung <\/p>\n\n\n\n<p class=\"has-medium-font-size\"><strong>UID-Nummer:<\/strong><\/p>\n\n\n\n<p>ATU49424902 <\/p>\n\n\n\n<p class=\"has-medium-font-size\"><strong>Firmenbuchnummer: <\/strong><\/p>\n\n\n\n<p>FN 66019m <\/p>\n\n\n\n<p class=\"has-medium-font-size\"><strong>Firmenbuchgericht:<\/strong><\/p>\n\n\n\n<p>Landesgericht f\u00fcr ZRS Graz <\/p>\n\n\n\n<p class=\"has-medium-font-size\"><strong>Vertreten durch:<\/strong><\/p>\n\n\n\n<p>Rudolf Trummer, Gesch\u00e4ftsf\u00fchrer <\/p>\n\n\n\n<p class=\"has-medium-font-size\"><strong>Mitglied der Wirtschaftskammer Steiermark:<\/strong><\/p>\n\n\n\n<p>LI Gewerbliche Dienstleister<br>\nPersonaldienstleister (Arbeitskr\u00e4fte\u00fcberlasser)<br>\nPersonaldienstleister (Arbeitskr\u00e4ftevermittler) <\/p>\n\n\n\n<p class=\"has-medium-font-size\"><strong>Beh\u00f6rde gem. ECG: <\/strong><\/p>\n\n\n\n<p>Bezirkshauptmannschaft S\u00fcdoststeiermark Magistrat der Stadt Graz <\/p>\n\n\n\n<p class=\"has-medium-font-size\"><strong>Anwendbare Rechtsvorschriften:<\/strong><\/p>\n\n\n\n<p>GewO und Zugang dazu: www.ris.bka.gv.at <\/p>\n\n\n\n<p class=\"has-medium-font-size\"><strong>Offenlegung gem. \u00a7 25 Mediengesetz Medieninhaber: <\/strong><\/p>\n\n\n\n<p>Trummer Montage &amp; Personal Gesellschaft m.b.H. <\/p>\n\n\n\n<p class=\"has-medium-font-size\"><strong>Firmensitz: <\/strong><\/p>\n\n\n\n<p>Dietersdorf am Gnasbach 102, 8093 St. Peter am Ottersbach <\/p>\n\n\n\n<p class=\"has-medium-font-size\"><strong>Unternehmensgegenstand:<\/strong><\/p>\n\n\n\n<p>Arbeitskr\u00e4fte\u00fcberlassung, Arbeitsvermittlung <\/p>\n\n\n\n<p class=\"has-medium-font-size\"><strong>Haftungsausschluss: <\/strong><\/p>\n\n\n\n<p><em><strong>Haftung f\u00fcr Inhalte <\/strong><\/em><\/p>\n\n\n\n<p>Die Inhalte unserer Seiten wurden mit gr\u00f6\u00dfter Sorgfalt erstellt und \u00fcberwacht. F\u00fcr die Richtigkeit, Vollst\u00e4ndigkeit und Aktualit\u00e4t der Inhalte k\u00f6nnen wir jedoch keine Gew\u00e4hr \u00fcbernehmen. <\/p>\n\n\n\n<p>Soweit auf dieser Website personenbezogene Ausdr\u00fccke verwendet werden, sind davon Frauen und M\u00e4nner gleicherma\u00dfen umfasst. <\/p>\n\n\n\n<p><strong><em>Haftung f\u00fcr Links<\/em><\/strong><\/p>\n\n\n\n<p>Unser Angebot enth\u00e4lt Links zu externen Webseiten Dritter, auf deren Inhalte wir keinen Einfluss haben. Deshalb k\u00f6nnen wir f\u00fcr diese fremden Inhalte auch keine Gew\u00e4hr \u00fcbernehmen. F\u00fcr die Inhalte der verlinkten Seiten ist stets der jeweilige Anbieter oder Betreiber der Seiten verantwortlich. Die verlinkten Seiten wurden zum Zeitpunkt der Verlinkung auf m\u00f6gliche Rechtsverst\u00f6\u00dfe \u00fcberpr\u00fcft. Rechtswidrige Inhalte waren zum Zeitpunkt der Verlinkung nicht erkennbar. Eine permanente inhaltliche Kontrolle der verlinkten Seiten ist jedoch ohne konkrete Anhaltspunkte einer Rechtsverletzung nicht zumutbar. Bei Bekanntwerden von Rechtsverletzungen werden wir derartige Links umgehend entfernen. <\/p>\n\n\n\n<p><strong><em>Urheberrecht <\/em><\/strong><\/p>\n\n\n\n<p>Die durch die Seitenbetreiber erstellten Inhalte und Werke auf diesen Seiten unterliegen dem \u00f6sterreichischen Urheberrecht. Die Vervielf\u00e4ltigung, Bearbeitung, Verbreitung und jede Art der Verwertung au\u00dferhalb der Grenzen des Urheberrechtes bed\u00fcrfen der schriftlichen Zustimmung des jeweiligen Autors bzw. Erstellers. Downloads und Kopien dieser Seite sind nur f\u00fcr den privaten, nicht kommerziellen Gebrauch gestattet. Soweit die Inhalte auf dieser Seite nicht vom Betreiber erstellt wurden, werden die Urheberrechte Dritter beachtet. Insbesondere werden Inhalte Dritter als solche gekennzeichnet. Sollten Sie trotzdem auf eine Urheberrechtsverletzung aufmerksam werden, bitten wir um einen entsprechenden Hinweis. Bei Bekanntwerden von Rechtsverletzungen werden wir derartige Inhalte umgehend entfernen. <\/p>\n\n\n\n<p><strong><em>Bildrechte<\/em><\/strong><\/p>\n\n\n\n<p>Alle sonstigen Bildrechte liegen bei der Trummer Personalservice Gruppe. Alle Marken, Logos und Produktbilder sind Eigentum der jeweiligen Hersteller. <\/p>\n\n\n\n<p><strong><em>Datenschutz<\/em><\/strong><\/p>\n\n\n\n<p>Die Nutzung unserer Webseite ist in der Regel ohne Angabe personenbezogener Daten m\u00f6glich. Soweit auf unseren Seiten personenbezogene Daten (beispielsweise Name, Anschrift oder eMail-Adressen) erhoben werden, erfolgt dies, soweit m\u00f6glich, stets auf freiwilliger Basis. Diese Daten werden ohne Ihre ausdr\u00fcckliche Zustimmung nicht an Dritte weitergegeben. Wir weisen darauf hin, dass die Daten\u00fcbertragung im Internet (z.B. bei der Kommunikation per E-Mail) Sicherheitsl\u00fccken aufweisen kann. Ein l\u00fcckenloser Schutz der Daten vor dem Zugriff durch Dritte ist nicht m\u00f6glich. Der Nutzung von im Rahmen der Impressumspflicht ver\u00f6ffentlichten Kontaktdaten durch Dritte zur \u00dcbersendung von nicht ausdr\u00fccklich angeforderter Werbung und Informationsmaterialien wird hiermit ausdr\u00fccklich widersprochen. Die Betreiber der Seiten behalten sich ausdr\u00fccklich rechtliche Schritte im Falle der unverlangten Zusendung von Werbeinformationen, etwa durch Spam-Mails, vor. <\/p>\n\n\n\n<p><strong><em>Google Analytics <\/em><\/strong><\/p>\n\n\n\n<p>Diese Website benutzt Google Analytics, einen Webanalysedienst der Google Inc. (&#8220;Google&#8220;). Google Analytics verwendet sog. &#8220;Cookies&#8220;, Textdateien, die auf Ihrem Computer gespeichert werden und die eine Analyse der Benutzung der Website durch Sie erm\u00f6glicht. Die durch den Cookie erzeugten Informationen \u00fcber Ihre Benutzung diese Website (einschlie\u00dflich Ihrer IP-Adresse) wird an einen Server von Google in den USA \u00fcbertragen und dort gespeichert. Google wird diese Informationen benutzen, um Ihre Nutzung der Website auszuwerten, um Reports \u00fcber die Websiteaktivit\u00e4ten f\u00fcr die Websitebetreiber zusammenzustellen und um weitere mit der Websitenutzung und der Internetnutzung verbundene Dienstleistungen zu erbringen. Auch wird Google diese Informationen gegebenenfalls an Dritte \u00fcbertragen, sofern dies gesetzlich vorgeschrieben oder soweit Dritte diese Daten im Auftrag von Google verarbeiten. Google wird in keinem Fall Ihre IP-Adresse mit anderen Daten der Google in Verbindung bringen. Sie k\u00f6nnen die Installation der Cookies durch eine entsprechende Einstellung Ihrer Browser Software verhindern; wir weisen Sie jedoch darauf hin, dass Sie in diesem Fall gegebenenfalls nicht s\u00e4mtliche Funktionen dieser Website voll umf\u00e4nglich nutzen k\u00f6nnen. Durch die Nutzung dieser Website erkl\u00e4ren Sie sich mit der Bearbeitung der \u00fcber Sie erhobenen Daten durch Google in der zuvor beschriebenen Art und Weise und zu dem zuvor benannten Zweck einverstanden. <\/p>\n\n\n\n<p> <strong><em>Facebook Pixel <\/em><\/strong><\/p>\n\n\n\n<p>Wir verwenden auf dieser Webseite das Facebook Pixel von Facebook, einem Social Media Network der Firma Facebook Ireland Ltd., 4 Grand Canal Square, Grand Canal Harbour, Dublin 2 Ireland.<\/p>\n\n\n\n<p>Der auf dieser Seite implementierte Code kann das Verhalten der Besucher auswerten, welche von einer Facebook-Werbung auf diese Webseite gelangt sind. Dies kann zur Verbesserung von Facebook-Werbeanzeigen genutzt werden und diese Daten werden von Facebook erfasst und gespeichert. Die erfassten Daten sind f\u00fcr uns nicht einsehbar sondern nur im Rahmen von Werbeanzeigenschaltungen nutzbar. Durch den Einsatz des Facebook-Pixel-Codes werden auch Cookies gesetzt.<\/p>\n\n\n\n<p>Durch die Nutzung des Facebook-Pixels wird der Besuch dieser Webseite Facebook mitgeteilt, damit Besucher auf Facebook passende Anzeigen zu sehen bekommen. Wenn Sie ein Facebook-Konto besitzen und angemeldet sind, wird der Besuch dieser Webseite Ihrem Facebook-Benutzerkonto zugeordnet.<\/p>\n\n\n\n<p>Wie das Facebook-Pixel f\u00fcr Werbekampagnen genutzt wird, erfahren Sie auf <a href=\"https:\/\/www.facebook.com\/business\/learn\/facebook-ads-pixel\" target=\"_blank\" rel=\"noreferrer noopener\">https:\/\/www.facebook.com\/business\/learn\/facebook-ads-pixel<\/a>.<\/p>\n\n\n\n<p>Sie k\u00f6nnen Ihre Einstellungen f\u00fcr Werbeanzeigen in Facebook auf <a rel=\"noreferrer noopener\" href=\"https:\/\/www.facebook.com\/ads\/preferences\/?entry_product=ad_settings_screen\" target=\"_blank\">https:\/\/www.facebook.com\/ads\/preferences\/?entry_product=ad_settings_screen<\/a> ver\u00e4ndern, sofern Sie in Facebook angemeldet sind. Auf <a href=\"http:\/\/www.youronlinechoices.com\/de\/praferenzmanagement\/\">http:\/\/www.youronlinechoices.com\/de\/praferenzmanagement\/<\/a> k\u00f6nnen Sie Ihre Pr\u00e4ferenzen hinsichtlich nutzungsbasierter Online-Werbung verwalten. Sie k\u00f6nnen dort viele Anbieter auf einmal deaktivieren oder aktivieren oder die Einstellungen f\u00fcr einzelne Anbieter vornehmen. <br>Mehr Informationen zur Datenrichtlinie von Facebook finden Sie auf <a rel=\"noreferrer noopener\" href=\"https:\/\/www.facebook.com\/policy.php\" target=\"_blank\">https:\/\/www.facebook.com\/policy.php<\/a>.<\/p>\n\n\n\n<p>Quelle: Erstellt mit dem\u00a0<a href=\"https:\/\/www.firmenwebseiten.at\/datenschutz-generator\/\" target=\"_blank\" rel=\"noreferrer noopener\">Datenschutz Generator von firmenwebseiten.at<\/a>\u00a0in Kooperation mit\u00a0<a href=\"https:\/\/www.gartenundblumen.at\/\" target=\"_blank\" rel=\"noreferrer noopener\">gartenundblumen.at<\/a><\/p>\n\n\n\n<p><a href=\"https:\/\/www.metajob.at\/\">https:\/\/www.metajob.at\/<\/a><\/p>\n","protected":false},"excerpt":{"rendered":"<p>IMPRESSUM Informationspflicht lt. \u00a75 E-Commerce Gesetz, \u00a714 Unternehmensgesetzbuch und Offenlegungspflicht lt. \u00a725 Mediengesetz Daten zum Unternehmen Firmenname: Trummer Montage &amp; Personal Gesellschaft m.b.H. Firmensitz: Dietersdorf am Gnasbach 102 8093 St. Peter am Ottersbach Kontakt: Telefon: 0043 57 100-0Fax: 0043 57 100-6 E-Mail: office@trummer.eu Rechtsform: Gesellschaft mit beschr\u00e4nkter Haftung UID-Nummer: ATU49424902 Firmenbuchnummer: FN 66019m Firmenbuchgericht: Landesgericht [&hellip;]<\/p>\n","protected":false},"author":1,"featured_media":0,"parent":0,"menu_order":0,"comment_status":"closed","ping_status":"closed","template":"","meta":{"_acf_changed":false,"footnotes":""},"class_list":["post-519","page","type-page","status-publish","hentry"],"acf":[],"yoast_head":"<!-- This site is optimized with the Yoast SEO plugin v27.3 - https:\/\/yoast.com\/product\/yoast-seo-wordpress\/ -->\n<title>Impressum - Trummer Austria<\/title>\n<meta name=\"robots\" content=\"index, follow, max-snippet:-1, max-image-preview:large, max-video-preview:-1\" \/>\n<link rel=\"canonical\" href=\"https:\/\/trummer.eu\/at\/impressum\" \/>\n<meta property=\"og:locale\" content=\"de_DE\" \/>\n<meta property=\"og:type\" content=\"article\" \/>\n<meta property=\"og:title\" content=\"Impressum - Trummer Austria\" \/>\n<meta property=\"og:description\" content=\"IMPRESSUM Informationspflicht lt. \u00a75 E-Commerce Gesetz, \u00a714 Unternehmensgesetzbuch und Offenlegungspflicht lt. \u00a725 Mediengesetz Daten zum Unternehmen Firmenname: Trummer Montage &amp; Personal Gesellschaft m.b.H. Firmensitz: Dietersdorf am Gnasbach 102 8093 St. Peter am Ottersbach Kontakt: Telefon: 0043 57 100-0Fax: 0043 57 100-6 E-Mail: office@trummer.eu Rechtsform: Gesellschaft mit beschr\u00e4nkter Haftung UID-Nummer: ATU49424902 Firmenbuchnummer: FN 66019m Firmenbuchgericht: Landesgericht [&hellip;]\" \/>\n<meta property=\"og:url\" content=\"https:\/\/trummer.eu\/at\/impressum\" \/>\n<meta property=\"og:site_name\" content=\"Trummer Austria\" \/>\n<meta property=\"article:modified_time\" content=\"2023-04-09T09:16:51+00:00\" \/>\n<meta name=\"twitter:card\" content=\"summary_large_image\" \/>\n<meta name=\"twitter:label1\" content=\"Gesch\u00e4tzte Lesezeit\" \/>\n\t<meta name=\"twitter:data1\" content=\"6\u00a0Minuten\" \/>\n<script type=\"application\/ld+json\" class=\"yoast-schema-graph\">{\"@context\":\"https:\\\/\\\/schema.org\",\"@graph\":[{\"@type\":\"WebPage\",\"@id\":\"https:\\\/\\\/trummer.eu\\\/at\\\/impressum\",\"url\":\"https:\\\/\\\/trummer.eu\\\/at\\\/impressum\",\"name\":\"Impressum - Trummer Austria\",\"isPartOf\":{\"@id\":\"https:\\\/\\\/trummer.eu\\\/at\\\/#website\"},\"datePublished\":\"2019-03-15T10:55:55+00:00\",\"dateModified\":\"2023-04-09T09:16:51+00:00\",\"breadcrumb\":{\"@id\":\"https:\\\/\\\/trummer.eu\\\/at\\\/impressum#breadcrumb\"},\"inLanguage\":\"de\",\"potentialAction\":[{\"@type\":\"ReadAction\",\"target\":[\"https:\\\/\\\/trummer.eu\\\/at\\\/impressum\"]}]},{\"@type\":\"BreadcrumbList\",\"@id\":\"https:\\\/\\\/trummer.eu\\\/at\\\/impressum#breadcrumb\",\"itemListElement\":[{\"@type\":\"ListItem\",\"position\":1,\"name\":\"Startseite\",\"item\":\"https:\\\/\\\/trummer.eu\\\/at\\\/\"},{\"@type\":\"ListItem\",\"position\":2,\"name\":\"Impressum\"}]},{\"@type\":\"WebSite\",\"@id\":\"https:\\\/\\\/trummer.eu\\\/at\\\/#website\",\"url\":\"https:\\\/\\\/trummer.eu\\\/at\\\/\",\"name\":\"Trummer Austria\",\"description\":\"Trummer | Die besten Jobs seit 1987.\",\"potentialAction\":[{\"@type\":\"SearchAction\",\"target\":{\"@type\":\"EntryPoint\",\"urlTemplate\":\"https:\\\/\\\/trummer.eu\\\/at\\\/?s={search_term_string}\"},\"query-input\":{\"@type\":\"PropertyValueSpecification\",\"valueRequired\":true,\"valueName\":\"search_term_string\"}}],\"inLanguage\":\"de\"}]}<\/script>\n<!-- \/ Yoast SEO plugin. -->","yoast_head_json":{"title":"Impressum - Trummer Austria","robots":{"index":"index","follow":"follow","max-snippet":"max-snippet:-1","max-image-preview":"max-image-preview:large","max-video-preview":"max-video-preview:-1"},"canonical":"https:\/\/trummer.eu\/at\/impressum","og_locale":"de_DE","og_type":"article","og_title":"Impressum - Trummer Austria","og_description":"IMPRESSUM Informationspflicht lt. \u00a75 E-Commerce Gesetz, \u00a714 Unternehmensgesetzbuch und Offenlegungspflicht lt. \u00a725 Mediengesetz Daten zum Unternehmen Firmenname: Trummer Montage &amp; Personal Gesellschaft m.b.H. Firmensitz: Dietersdorf am Gnasbach 102 8093 St. Peter am Ottersbach Kontakt: Telefon: 0043 57 100-0Fax: 0043 57 100-6 E-Mail: office@trummer.eu Rechtsform: Gesellschaft mit beschr\u00e4nkter Haftung UID-Nummer: ATU49424902 Firmenbuchnummer: FN 66019m Firmenbuchgericht: Landesgericht [&hellip;]","og_url":"https:\/\/trummer.eu\/at\/impressum","og_site_name":"Trummer Austria","article_modified_time":"2023-04-09T09:16:51+00:00","twitter_card":"summary_large_image","twitter_misc":{"Gesch\u00e4tzte Lesezeit":"6\u00a0Minuten"},"schema":{"@context":"https:\/\/schema.org","@graph":[{"@type":"WebPage","@id":"https:\/\/trummer.eu\/at\/impressum","url":"https:\/\/trummer.eu\/at\/impressum","name":"Impressum - Trummer Austria","isPartOf":{"@id":"https:\/\/trummer.eu\/at\/#website"},"datePublished":"2019-03-15T10:55:55+00:00","dateModified":"2023-04-09T09:16:51+00:00","breadcrumb":{"@id":"https:\/\/trummer.eu\/at\/impressum#breadcrumb"},"inLanguage":"de","potentialAction":[{"@type":"ReadAction","target":["https:\/\/trummer.eu\/at\/impressum"]}]},{"@type":"BreadcrumbList","@id":"https:\/\/trummer.eu\/at\/impressum#breadcrumb","itemListElement":[{"@type":"ListItem","position":1,"name":"Startseite","item":"https:\/\/trummer.eu\/at\/"},{"@type":"ListItem","position":2,"name":"Impressum"}]},{"@type":"WebSite","@id":"https:\/\/trummer.eu\/at\/#website","url":"https:\/\/trummer.eu\/at\/","name":"Trummer Austria","description":"Trummer | Die besten Jobs seit 1987.","potentialAction":[{"@type":"SearchAction","target":{"@type":"EntryPoint","urlTemplate":"https:\/\/trummer.eu\/at\/?s={search_term_string}"},"query-input":{"@type":"PropertyValueSpecification","valueRequired":true,"valueName":"search_term_string"}}],"inLanguage":"de"}]}},"_links":{"self":[{"href":"https:\/\/trummer.eu\/at\/wp-json\/wp\/v2\/pages\/519","targetHints":{"allow":["GET"]}}],"collection":[{"href":"https:\/\/trummer.eu\/at\/wp-json\/wp\/v2\/pages"}],"about":[{"href":"https:\/\/trummer.eu\/at\/wp-json\/wp\/v2\/types\/page"}],"author":[{"embeddable":true,"href":"https:\/\/trummer.eu\/at\/wp-json\/wp\/v2\/users\/1"}],"replies":[{"embeddable":true,"href":"https:\/\/trummer.eu\/at\/wp-json\/wp\/v2\/comments?post=519"}],"version-history":[{"count":13,"href":"https:\/\/trummer.eu\/at\/wp-json\/wp\/v2\/pages\/519\/revisions"}],"predecessor-version":[{"id":21310,"href":"https:\/\/trummer.eu\/at\/wp-json\/wp\/v2\/pages\/519\/revisions\/21310"}],"wp:attachment":[{"href":"https:\/\/trummer.eu\/at\/wp-json\/wp\/v2\/media?parent=519"}],"curies":[{"name":"wp","href":"https:\/\/api.w.org\/{rel}","templated":true}]}}