{"id":1008,"date":"2019-04-26T17:07:09","date_gmt":"2019-04-26T15:07:09","guid":{"rendered":"https:\/\/trummer.eu\/at\/?page_id=711"},"modified":"2019-07-31T09:46:45","modified_gmt":"2019-07-31T07:46:45","slug":"bewerbung","status":"publish","type":"page","link":"https:\/\/trummer.eu\/hu\/bewerbung","title":{"rendered":"Bewerbung"},"content":{"rendered":"\n\n<div class=\"wpcf7 no-js\" id=\"wpcf7-f1005-o1\" lang=\"de-DE\" dir=\"ltr\" data-wpcf7-id=\"1005\">\n<div class=\"screen-reader-response\"><p role=\"status\" aria-live=\"polite\" aria-atomic=\"true\"><\/p> <ul><\/ul><\/div>\n<form action=\"\/hu\/wp-json\/wp\/v2\/pages\/1008#wpcf7-f1005-o1\" method=\"post\" class=\"wpcf7-form init\" aria-label=\"Kontaktformular\" enctype=\"multipart\/form-data\" novalidate=\"novalidate\" data-status=\"init\">\n<fieldset class=\"hidden-fields-container\"><input type=\"hidden\" name=\"_wpcf7\" value=\"1005\" \/><input type=\"hidden\" name=\"_wpcf7_version\" value=\"6.1.5\" \/><input type=\"hidden\" name=\"_wpcf7_locale\" value=\"de_DE\" \/><input type=\"hidden\" name=\"_wpcf7_unit_tag\" value=\"wpcf7-f1005-o1\" \/><input type=\"hidden\" name=\"_wpcf7_container_post\" value=\"0\" \/><input type=\"hidden\" name=\"_wpcf7_posted_data_hash\" value=\"\" \/><input type=\"hidden\" name=\"_wpcf7_recaptcha_response\" value=\"\" \/>\n<\/fieldset>\n<div class=\"col-lg-8\" style=\"padding:0;\">\n\t<div class=\"row\">\n\t\t<div class=\"col-12\">\n\t\t\t<p>A csillaggal (*) jel\u00f6lt mez\u0151k kit\u00f6lt\u00e9se k\u00f6telez\u0151.\n\t\t\t<\/p>\n\t\t<\/div>\n\t<\/div>\n\t<div class=\"row\">\n\t\t<div class=\"col-sm-6 input-basic\">\n\t\t\t<p><span class=\"wpcf7-form-control-wrap\" data-name=\"job-number\"><input size=\"40\" maxlength=\"400\" class=\"wpcf7-form-control wpcf7-text remove-input-field\" id=\"yourapplicationnumber\" aria-invalid=\"false\" value=\"\" type=\"text\" name=\"job-number\" \/><\/span><br \/>\n<label for=\"salutation\">Megsz\u00f3l\u00edt\u00e1s*<\/label><br \/>\n<span class=\"wpcf7-form-control-wrap\" data-name=\"salutation\"><select class=\"wpcf7-form-control wpcf7-select wpcf7-validates-as-required\" aria-required=\"true\" aria-invalid=\"false\" name=\"salutation\"><option value=\"\u00dar\">\u00dar<\/option><option value=\"H\u00f6lgy\">H\u00f6lgy<\/option><\/select><\/span><br \/>\n<label for=\"firstname\">Keresztn\u00e9v*<\/label><br \/>\n<span class=\"wpcf7-form-control-wrap\" data-name=\"firstname\"><input size=\"40\" maxlength=\"400\" class=\"wpcf7-form-control wpcf7-text wpcf7-validates-as-required\" aria-required=\"true\" aria-invalid=\"false\" value=\"\" type=\"text\" name=\"firstname\" \/><\/span><br \/>\n<label for=\"street\">Utca \/ h\u00e1zsz\u00e1m<\/label><br \/>\n<span class=\"wpcf7-form-control-wrap\" data-name=\"street\"><input size=\"40\" maxlength=\"400\" class=\"wpcf7-form-control wpcf7-text\" aria-invalid=\"false\" value=\"\" type=\"text\" name=\"street\" \/><\/span><br \/>\n<label for=\"city\">Helys\u00e9g<\/label><br \/>\n<span class=\"wpcf7-form-control-wrap\" data-name=\"city\"><input size=\"40\" maxlength=\"400\" class=\"wpcf7-form-control wpcf7-text\" aria-invalid=\"false\" value=\"\" type=\"text\" name=\"city\" \/><\/span><br \/>\n<label for=\"tel\">Telefon<\/label><br \/>\n<span class=\"wpcf7-form-control-wrap\" data-name=\"telephone\"><input size=\"40\" maxlength=\"400\" class=\"wpcf7-form-control wpcf7-tel wpcf7-text wpcf7-validates-as-tel\" aria-invalid=\"false\" value=\"\" type=\"tel\" name=\"telephone\" \/><\/span>\n\t\t\t<\/p>\n\t\t<\/div>\n\t\t<div class=\"col-sm-6 input-basic\">\n\t\t\t<p><label for=\"title\">Titulus<\/label><br \/>\n<span class=\"wpcf7-form-control-wrap\" data-name=\"title\"><input size=\"40\" maxlength=\"400\" class=\"wpcf7-form-control wpcf7-text\" aria-invalid=\"false\" value=\"\" type=\"text\" name=\"title\" \/><\/span><br \/>\n<label for=\"lastname\">Vezet\u00e9kn\u00e9v*<\/label><br \/>\n<span class=\"wpcf7-form-control-wrap\" data-name=\"lastname\"><input size=\"40\" maxlength=\"400\" class=\"wpcf7-form-control wpcf7-text wpcf7-validates-as-required\" aria-required=\"true\" aria-invalid=\"false\" value=\"\" type=\"text\" name=\"lastname\" \/><\/span><br \/>\n<label for=\"postcode\">Ir\u00e1ny\u00edt\u00f3sz\u00e1m<\/label><br \/>\n<span class=\"wpcf7-form-control-wrap\" data-name=\"postcode\"><input size=\"40\" maxlength=\"400\" class=\"wpcf7-form-control wpcf7-text\" aria-invalid=\"false\" value=\"\" type=\"text\" name=\"postcode\" \/><\/span><br \/>\n<label for=\"country\">Orsz\u00e1g<\/label><br \/>\n<span class=\"wpcf7-form-control-wrap\" data-name=\"country\"><input size=\"40\" maxlength=\"400\" class=\"wpcf7-form-control wpcf7-text\" aria-invalid=\"false\" value=\"\" type=\"text\" name=\"country\" \/><\/span><br \/>\n<label for=\"email\">E-mail c\u00edm*<\/label><br \/>\n<span class=\"wpcf7-form-control-wrap\" data-name=\"email\"><input size=\"40\" maxlength=\"400\" class=\"wpcf7-form-control wpcf7-email wpcf7-validates-as-required wpcf7-text wpcf7-validates-as-email\" aria-required=\"true\" aria-invalid=\"false\" value=\"\" type=\"email\" name=\"email\" \/><\/span>\n\t\t\t<\/p>\n\t\t<\/div>\n\t<\/div>\n\t<div class=\"row\">\n\t\t<div class=\"col-12 input-basic\">\n\t\t\t<p><label for=\"textarea\">\u00dczenete<\/label><br \/>\n<span class=\"wpcf7-form-control-wrap\" data-name=\"textarea\"><textarea cols=\"40\" rows=\"10\" maxlength=\"2000\" class=\"wpcf7-form-control wpcf7-textarea\" aria-invalid=\"false\" name=\"textarea\"><\/textarea><\/span>\n\t\t\t<\/p>\n\t\t<\/div>\n\t<\/div>\n\t<div class=\"row\">\n\t\t<div class=\"col-12\">\n\t\t\t<p>Mell\u00e9kletek\n\t\t\t<\/p>\n\t\t<\/div>\n\t\t<div class=\"col-12\">\n\t\t\t<p>Itt t\u00f6ltheti fel a csatolni k\u00edv\u00e1nt dokumentumokat pl. \u00f6n\u00e9letrajz, k\u00eds\u00e9r\u0151 lev\u00e9l vagy tan\u00fas\u00edtv\u00e1nyok \u00e9s bizony\u00edtv\u00e1nyok. Enged\u00e9lyezett f\u00e1jlform\u00e1tumok: pdf, doc, docx, odf, jpeg\n\t\t\t<\/p>\n\t\t<\/div>\n\t<\/div>\n\t<div class=\"row\">\n\t\t<div class=\"col-sm-6 input-files\">\n\t\t\t<p><label for=\"file\">f\u00e1jl 1 (maxim\u00e1lis f\u00e1jlm\u00e9ret: 10MB)<\/label><br \/>\n<span class=\"wpcf7-form-control-wrap\" data-name=\"file1\"><input size=\"40\" class=\"wpcf7-form-control wpcf7-file\" accept=\".pdf,.doc,.docx,.odf,.jpeg\" aria-invalid=\"false\" type=\"file\" name=\"file1\" \/><\/span><br \/>\n<label for=\"file\">f\u00e1jl 2 (maxim\u00e1lis f\u00e1jlm\u00e9ret: 10MB)<\/label><br \/>\n<span class=\"wpcf7-form-control-wrap\" data-name=\"file2\"><input size=\"40\" class=\"wpcf7-form-control wpcf7-file\" accept=\".pdf,.doc,.docx,.odf,.jpeg\" aria-invalid=\"false\" type=\"file\" name=\"file2\" \/><\/span><br \/>\n<label for=\"file\">f\u00e1jl 3 (maxim\u00e1lis f\u00e1jlm\u00e9ret: 10MB)<\/label><br \/>\n<span class=\"wpcf7-form-control-wrap\" data-name=\"file3\"><input size=\"40\" class=\"wpcf7-form-control wpcf7-file\" accept=\".pdf,.doc,.docx,.odf,.jpeg\" aria-invalid=\"false\" type=\"file\" name=\"file3\" \/><\/span>\n\t\t\t<\/p>\n\t\t<\/div>\n\t\t<div class=\"col-sm-6 input-files\">\n\t\t\t<p><label for=\"file\">f\u00e1jl 4 (maxim\u00e1lis f\u00e1jlm\u00e9ret: 10MB)<\/label><br \/>\n<span class=\"wpcf7-form-control-wrap\" data-name=\"file4\"><input size=\"40\" class=\"wpcf7-form-control wpcf7-file\" accept=\".pdf,.doc,.docx,.odf,.jpeg\" aria-invalid=\"false\" type=\"file\" name=\"file4\" \/><\/span><br \/>\n<label for=\"file\">f\u00e1jl 5 (maxim\u00e1lis f\u00e1jlm\u00e9ret: 10MB)<\/label><br \/>\n<span class=\"wpcf7-form-control-wrap\" data-name=\"file5\"><input size=\"40\" class=\"wpcf7-form-control wpcf7-file\" accept=\".pdf,.doc,.docx,.odf,.jpeg\" aria-invalid=\"false\" type=\"file\" name=\"file5\" \/><\/span>\n\t\t\t<\/p>\n\t\t<\/div>\n\t<\/div>\n\t<div class=\"row\">\n\t\t<div class=\"col-12 input-checkbox\">\n\t\t\t<p><span class=\"wpcf7-form-control-wrap\" data-name=\"acceptance\"><span class=\"wpcf7-form-control wpcf7-acceptance\"><span class=\"wpcf7-list-item\"><label><input type=\"checkbox\" name=\"acceptance\" value=\"1\" aria-invalid=\"false\" \/><span class=\"wpcf7-list-item-label\">A p\u00e1ly\u00e1z\u00f3kra vonatkoz\u00f3 adatv\u00e9delmi szab\u00e1lyokat a www.trummer.eu\/at\/datenschutz oldalon elolvastam, az abban foglaltakat tudom\u00e1sul vettem \u00e9s elfogadom a jelentkez\u00e9sem sor\u00e1n beny\u00fajtott szem\u00e9lyes adataim feldolgoz\u00e1s\u00e1t.\nAz \u00e1ltal\u00e1nos adatv\u00e9delmi rendelet \u00e9rtelm\u00e9ben \u00e9rintett szem\u00e9lyk\u00e9nt m\u00e1s jogokkal is rendelkezem. R\u00e9szletes inform\u00e1ci\u00f3k az \u00e9rintettek jogair\u00f3l, azok \u00e9rv\u00e9nyes\u00edt\u00e9s\u00e9r\u0151l \u00e9s adatv\u00e9delmi rendelkez\u00e9sekr\u0151l a www.trummer.eu\/at\/datenschutz  oldalon \u00e9rhet\u0151k el vagy e-mailben is k\u00e9rhet\u0151 a (trummerkft@trummer.eu) c\u00edmen. A j\u00f3v\u00e1hagy\u00e1somat ok \u00e9s indokl\u00e1s n\u00e9lk\u00fcl b\u00e1rmikor visszavonhatom a (trummerkft@trummer.eu) c\u00edmen.*<\/span><\/label><\/span><\/span><\/span>\n\t\t\t<\/p>\n\t\t<\/div>\n\t\t<div class=\"col-12 input-checkbox\">\n\t\t\t<p><span class=\"wpcf7-form-control-wrap\" data-name=\"acceptance\"><span class=\"wpcf7-form-control wpcf7-acceptance\"><span class=\"wpcf7-list-item\"><label><input type=\"checkbox\" name=\"acceptance\" value=\"1\" aria-invalid=\"false\" \/><span class=\"wpcf7-list-item-label\">Egyet\u00e9rtek azzal is, hogy p\u00e1ly\u00e1zatomat a Trummer Csoporton bel\u00fcl m\u00e1s t\u00e1rsas\u00e1goknak adj\u00e1k \u00e1t, \u00e9s ezek p\u00e1ly\u00e1zatomat ellen\u0151rizz\u00e9k.*<\/span><\/label><\/span><\/span><\/span>\n\t\t\t<\/p>\n\t\t<\/div>\n\t<\/div>\n\t<div class=\"row\">\n\t\t<div class=\"col-12 btn-send\">\n\t\t\t<p><input class=\"wpcf7-form-control wpcf7-submit has-spinner\" type=\"submit\" value=\"P\u00e1ly\u00e1zat elk\u00fcld\u00e9se\" \/>\n\t\t\t<\/p>\n\t\t<\/div>\n\t<\/div>\n<\/div><div class=\"wpcf7-response-output\" aria-hidden=\"true\"><\/div>\n<\/form>\n<\/div>\n\n","protected":false},"excerpt":{"rendered":"","protected":false},"author":1,"featured_media":0,"parent":0,"menu_order":0,"comment_status":"closed","ping_status":"closed","template":"template-parts\/template-application.php","meta":{"_acf_changed":false,"footnotes":""},"class_list":["post-1008","page","type-page","status-publish","hentry"],"acf":[],"yoast_head":"<!-- This site is optimized with the Yoast SEO plugin v27.3 - https:\/\/yoast.com\/product\/yoast-seo-wordpress\/ -->\n<title>Bewerbung - Trummer Hungary<\/title>\n<meta name=\"robots\" content=\"index, follow, max-snippet:-1, max-image-preview:large, max-video-preview:-1\" \/>\n<link rel=\"canonical\" href=\"https:\/\/trummer.eu\/hu\/bewerbung\" \/>\n<meta property=\"og:locale\" content=\"en_US\" \/>\n<meta property=\"og:type\" content=\"article\" \/>\n<meta property=\"og:title\" content=\"Bewerbung - Trummer Hungary\" \/>\n<meta property=\"og:url\" content=\"https:\/\/trummer.eu\/hu\/bewerbung\" \/>\n<meta property=\"og:site_name\" content=\"Trummer Hungary\" \/>\n<meta property=\"article:modified_time\" content=\"2019-07-31T07:46:45+00:00\" \/>\n<meta name=\"twitter:card\" content=\"summary_large_image\" \/>\n<script type=\"application\/ld+json\" class=\"yoast-schema-graph\">{\"@context\":\"https:\\\/\\\/schema.org\",\"@graph\":[{\"@type\":\"WebPage\",\"@id\":\"https:\\\/\\\/trummer.eu\\\/hu\\\/bewerbung\",\"url\":\"https:\\\/\\\/trummer.eu\\\/hu\\\/bewerbung\",\"name\":\"Bewerbung - Trummer Hungary\",\"isPartOf\":{\"@id\":\"https:\\\/\\\/trummer.eu\\\/hu\\\/#website\"},\"datePublished\":\"2019-04-26T15:07:09+00:00\",\"dateModified\":\"2019-07-31T07:46:45+00:00\",\"breadcrumb\":{\"@id\":\"https:\\\/\\\/trummer.eu\\\/hu\\\/bewerbung#breadcrumb\"},\"inLanguage\":\"en-US\",\"potentialAction\":[{\"@type\":\"ReadAction\",\"target\":[\"https:\\\/\\\/trummer.eu\\\/hu\\\/bewerbung\"]}]},{\"@type\":\"BreadcrumbList\",\"@id\":\"https:\\\/\\\/trummer.eu\\\/hu\\\/bewerbung#breadcrumb\",\"itemListElement\":[{\"@type\":\"ListItem\",\"position\":1,\"name\":\"Startseite\",\"item\":\"https:\\\/\\\/trummer.eu\\\/hu\\\/\"},{\"@type\":\"ListItem\",\"position\":2,\"name\":\"Bewerbung\"}]},{\"@type\":\"WebSite\",\"@id\":\"https:\\\/\\\/trummer.eu\\\/hu\\\/#website\",\"url\":\"https:\\\/\\\/trummer.eu\\\/hu\\\/\",\"name\":\"Trummer Hungary\",\"description\":\"Trummer | Die besten Jobs seit 1987.\",\"potentialAction\":[{\"@type\":\"SearchAction\",\"target\":{\"@type\":\"EntryPoint\",\"urlTemplate\":\"https:\\\/\\\/trummer.eu\\\/hu\\\/?s={search_term_string}\"},\"query-input\":{\"@type\":\"PropertyValueSpecification\",\"valueRequired\":true,\"valueName\":\"search_term_string\"}}],\"inLanguage\":\"en-US\"}]}<\/script>\n<!-- \/ Yoast SEO plugin. -->","yoast_head_json":{"title":"Bewerbung - Trummer Hungary","robots":{"index":"index","follow":"follow","max-snippet":"max-snippet:-1","max-image-preview":"max-image-preview:large","max-video-preview":"max-video-preview:-1"},"canonical":"https:\/\/trummer.eu\/hu\/bewerbung","og_locale":"en_US","og_type":"article","og_title":"Bewerbung - Trummer Hungary","og_url":"https:\/\/trummer.eu\/hu\/bewerbung","og_site_name":"Trummer Hungary","article_modified_time":"2019-07-31T07:46:45+00:00","twitter_card":"summary_large_image","schema":{"@context":"https:\/\/schema.org","@graph":[{"@type":"WebPage","@id":"https:\/\/trummer.eu\/hu\/bewerbung","url":"https:\/\/trummer.eu\/hu\/bewerbung","name":"Bewerbung - Trummer Hungary","isPartOf":{"@id":"https:\/\/trummer.eu\/hu\/#website"},"datePublished":"2019-04-26T15:07:09+00:00","dateModified":"2019-07-31T07:46:45+00:00","breadcrumb":{"@id":"https:\/\/trummer.eu\/hu\/bewerbung#breadcrumb"},"inLanguage":"en-US","potentialAction":[{"@type":"ReadAction","target":["https:\/\/trummer.eu\/hu\/bewerbung"]}]},{"@type":"BreadcrumbList","@id":"https:\/\/trummer.eu\/hu\/bewerbung#breadcrumb","itemListElement":[{"@type":"ListItem","position":1,"name":"Startseite","item":"https:\/\/trummer.eu\/hu\/"},{"@type":"ListItem","position":2,"name":"Bewerbung"}]},{"@type":"WebSite","@id":"https:\/\/trummer.eu\/hu\/#website","url":"https:\/\/trummer.eu\/hu\/","name":"Trummer Hungary","description":"Trummer | Die besten Jobs seit 1987.","potentialAction":[{"@type":"SearchAction","target":{"@type":"EntryPoint","urlTemplate":"https:\/\/trummer.eu\/hu\/?s={search_term_string}"},"query-input":{"@type":"PropertyValueSpecification","valueRequired":true,"valueName":"search_term_string"}}],"inLanguage":"en-US"}]}},"_links":{"self":[{"href":"https:\/\/trummer.eu\/hu\/wp-json\/wp\/v2\/pages\/1008","targetHints":{"allow":["GET"]}}],"collection":[{"href":"https:\/\/trummer.eu\/hu\/wp-json\/wp\/v2\/pages"}],"about":[{"href":"https:\/\/trummer.eu\/hu\/wp-json\/wp\/v2\/types\/page"}],"author":[{"embeddable":true,"href":"https:\/\/trummer.eu\/hu\/wp-json\/wp\/v2\/users\/1"}],"replies":[{"embeddable":true,"href":"https:\/\/trummer.eu\/hu\/wp-json\/wp\/v2\/comments?post=1008"}],"version-history":[{"count":2,"href":"https:\/\/trummer.eu\/hu\/wp-json\/wp\/v2\/pages\/1008\/revisions"}],"predecessor-version":[{"id":1216,"href":"https:\/\/trummer.eu\/hu\/wp-json\/wp\/v2\/pages\/1008\/revisions\/1216"}],"wp:attachment":[{"href":"https:\/\/trummer.eu\/hu\/wp-json\/wp\/v2\/media?parent=1008"}],"curies":[{"name":"wp","href":"https:\/\/api.w.org\/{rel}","templated":true}]}}