{"id":1257,"date":"2019-04-26T17:07:09","date_gmt":"2019-04-26T15:07:09","guid":{"rendered":"https:\/\/trummer.eu\/at\/?page_id=711"},"modified":"2019-07-31T09:48:03","modified_gmt":"2019-07-31T07:48:03","slug":"bewerbung","status":"publish","type":"page","link":"https:\/\/trummer.eu\/pl\/bewerbung","title":{"rendered":"Bewerbung"},"content":{"rendered":"\n\n<div class=\"wpcf7 no-js\" id=\"wpcf7-f1254-o1\" lang=\"de-DE\" dir=\"ltr\" data-wpcf7-id=\"1254\">\n<div class=\"screen-reader-response\"><p role=\"status\" aria-live=\"polite\" aria-atomic=\"true\"><\/p> <ul><\/ul><\/div>\n<form action=\"\/pl\/wp-json\/wp\/v2\/pages\/1257#wpcf7-f1254-o1\" method=\"post\" class=\"wpcf7-form init\" aria-label=\"Kontaktformular\" enctype=\"multipart\/form-data\" novalidate=\"novalidate\" data-status=\"init\">\n<fieldset class=\"hidden-fields-container\"><input type=\"hidden\" name=\"_wpcf7\" value=\"1254\" \/><input type=\"hidden\" name=\"_wpcf7_version\" value=\"6.1.5\" \/><input type=\"hidden\" name=\"_wpcf7_locale\" value=\"de_DE\" \/><input type=\"hidden\" name=\"_wpcf7_unit_tag\" value=\"wpcf7-f1254-o1\" \/><input type=\"hidden\" name=\"_wpcf7_container_post\" value=\"0\" \/><input type=\"hidden\" name=\"_wpcf7_posted_data_hash\" value=\"\" \/><input type=\"hidden\" name=\"_wpcf7_recaptcha_response\" value=\"\" \/>\n<\/fieldset>\n<div class=\"col-lg-8\" style=\"padding:0;\">\n\t<div class=\"row\">\n\t\t<div class=\"col-12\">\n\t\t\t<p>Pola oznaczone za pomoc\u0105 * s\u0105 polami obowi\u0105zkowymi.\n\t\t\t<\/p>\n\t\t<\/div>\n\t<\/div>\n\t<div class=\"row\">\n\t\t<div class=\"col-sm-6 input-basic\">\n\t\t\t<p><span class=\"wpcf7-form-control-wrap\" data-name=\"job-number\"><input size=\"40\" maxlength=\"400\" class=\"wpcf7-form-control wpcf7-text remove-input-field\" id=\"yourapplicationnumber\" aria-invalid=\"false\" value=\"\" type=\"text\" name=\"job-number\" \/><\/span><br \/>\n<label for=\"salutation\">Zwrot grzeczno\u015bciowy*<\/label><br \/>\n<span class=\"wpcf7-form-control-wrap\" data-name=\"salutation\"><select class=\"wpcf7-form-control wpcf7-select wpcf7-validates-as-required\" aria-required=\"true\" aria-invalid=\"false\" name=\"salutation\"><option value=\"Pan\">Pan<\/option><option value=\"Pani\">Pani<\/option><\/select><\/span><br \/>\n<label for=\"firstname\">Imi\u0119*<\/label><br \/>\n<span class=\"wpcf7-form-control-wrap\" data-name=\"firstname\"><input size=\"40\" maxlength=\"400\" class=\"wpcf7-form-control wpcf7-text wpcf7-validates-as-required\" aria-required=\"true\" aria-invalid=\"false\" value=\"\" type=\"text\" name=\"firstname\" \/><\/span><br \/>\n<label for=\"street\">Ulica \/ numer domu<\/label><br \/>\n<span class=\"wpcf7-form-control-wrap\" data-name=\"street\"><input size=\"40\" maxlength=\"400\" class=\"wpcf7-form-control wpcf7-text\" aria-invalid=\"false\" value=\"\" type=\"text\" name=\"street\" \/><\/span><br \/>\n<label for=\"city\">Miejsce<\/label><br \/>\n<span class=\"wpcf7-form-control-wrap\" data-name=\"city\"><input size=\"40\" maxlength=\"400\" class=\"wpcf7-form-control wpcf7-text\" aria-invalid=\"false\" value=\"\" type=\"text\" name=\"city\" \/><\/span><br \/>\n<label for=\"tel\">Telefon<\/label><br \/>\n<span class=\"wpcf7-form-control-wrap\" data-name=\"telephone\"><input size=\"40\" maxlength=\"400\" class=\"wpcf7-form-control wpcf7-tel wpcf7-text wpcf7-validates-as-tel\" aria-invalid=\"false\" value=\"\" type=\"tel\" name=\"telephone\" \/><\/span>\n\t\t\t<\/p>\n\t\t<\/div>\n\t\t<div class=\"col-sm-6 input-basic\">\n\t\t\t<p><label for=\"title\">Titel<\/label><br \/>\n<span class=\"wpcf7-form-control-wrap\" data-name=\"title\"><input size=\"40\" maxlength=\"400\" class=\"wpcf7-form-control wpcf7-text\" aria-invalid=\"false\" value=\"\" type=\"text\" name=\"title\" \/><\/span><br \/>\n<label for=\"lastname\">Nazwisko*<\/label><br \/>\n<span class=\"wpcf7-form-control-wrap\" data-name=\"lastname\"><input size=\"40\" maxlength=\"400\" class=\"wpcf7-form-control wpcf7-text wpcf7-validates-as-required\" aria-required=\"true\" aria-invalid=\"false\" value=\"\" type=\"text\" name=\"lastname\" \/><\/span><br \/>\n<label for=\"postcode\">Kod pocztowy<\/label><br \/>\n<span class=\"wpcf7-form-control-wrap\" data-name=\"postcode\"><input size=\"40\" maxlength=\"400\" class=\"wpcf7-form-control wpcf7-text\" aria-invalid=\"false\" value=\"\" type=\"text\" name=\"postcode\" \/><\/span><br \/>\n<label for=\"country\">Kraj<\/label><br \/>\n<span class=\"wpcf7-form-control-wrap\" data-name=\"country\"><input size=\"40\" maxlength=\"400\" class=\"wpcf7-form-control wpcf7-text\" aria-invalid=\"false\" value=\"\" type=\"text\" name=\"country\" \/><\/span><br \/>\n<label for=\"email\">Adres e-mail*<\/label><br \/>\n<span class=\"wpcf7-form-control-wrap\" data-name=\"email\"><input size=\"40\" maxlength=\"400\" class=\"wpcf7-form-control wpcf7-email wpcf7-validates-as-required wpcf7-text wpcf7-validates-as-email\" aria-required=\"true\" aria-invalid=\"false\" value=\"\" type=\"email\" name=\"email\" \/><\/span>\n\t\t\t<\/p>\n\t\t<\/div>\n\t<\/div>\n\t<div class=\"row\">\n\t\t<div class=\"col-12 input-basic\">\n\t\t\t<p><label for=\"textarea\">Tre\u015b\u0107 wiadomo\u015bci<\/label><br \/>\n<span class=\"wpcf7-form-control-wrap\" data-name=\"textarea\"><textarea cols=\"40\" rows=\"10\" maxlength=\"2000\" class=\"wpcf7-form-control wpcf7-textarea\" aria-invalid=\"false\" name=\"textarea\"><\/textarea><\/span>\n\t\t\t<\/p>\n\t\t<\/div>\n\t<\/div>\n\t<div class=\"row\">\n\t\t<div class=\"col-12\">\n\t\t\t<p>Za\u0142\u0105czniki\n\t\t\t<\/p>\n\t\t<\/div>\n\t\t<div class=\"col-12\">\n\t\t\t<p>Tutaj mo\u017cna wys\u0142a\u0107 za\u0142\u0105czniki, np. \u017cyciorys, list motywacyjny lub certyfikaty i \u015bwiadectwa. Dopuszczalne rodzaje plik\u00f3w: pdf, doc, docx, odf, jpeg\n\t\t\t<\/p>\n\t\t<\/div>\n\t<\/div>\n\t<div class=\"row\">\n\t\t<div class=\"col-sm-6 input-files\">\n\t\t\t<p><label for=\"file\">Plik 1 (Maksymalny rozmiar pliku: 10MB)<\/label><br \/>\n<span class=\"wpcf7-form-control-wrap\" data-name=\"file1\"><input size=\"40\" class=\"wpcf7-form-control wpcf7-file\" accept=\".pdf,.doc,.docx,.odf,.jpeg\" aria-invalid=\"false\" type=\"file\" name=\"file1\" \/><\/span><br \/>\n<label for=\"file\">Plik 2 (Maksymalny rozmiar pliku: 10MB)<\/label><br \/>\n<span class=\"wpcf7-form-control-wrap\" data-name=\"file2\"><input size=\"40\" class=\"wpcf7-form-control wpcf7-file\" accept=\".pdf,.doc,.docx,.odf,.jpeg\" aria-invalid=\"false\" type=\"file\" name=\"file2\" \/><\/span><br \/>\n<label for=\"file\">Plik 3 (Maksymalny rozmiar pliku: 10MB)<\/label><br \/>\n<span class=\"wpcf7-form-control-wrap\" data-name=\"file3\"><input size=\"40\" class=\"wpcf7-form-control wpcf7-file\" accept=\".pdf,.doc,.docx,.odf,.jpeg\" aria-invalid=\"false\" type=\"file\" name=\"file3\" \/><\/span>\n\t\t\t<\/p>\n\t\t<\/div>\n\t\t<div class=\"col-sm-6 input-files\">\n\t\t\t<p><label for=\"file\">Plik 4 (Maksymalny rozmiar pliku: 10MB)<\/label><br \/>\n<span class=\"wpcf7-form-control-wrap\" data-name=\"file4\"><input size=\"40\" class=\"wpcf7-form-control wpcf7-file\" accept=\".pdf,.doc,.docx,.odf,.jpeg\" aria-invalid=\"false\" type=\"file\" name=\"file4\" \/><\/span><br \/>\n<label for=\"file\">Plik 5 (Maksymalny rozmiar pliku: 10MB)<\/label><br \/>\n<span class=\"wpcf7-form-control-wrap\" data-name=\"file5\"><input size=\"40\" class=\"wpcf7-form-control wpcf7-file\" accept=\".pdf,.doc,.docx,.odf,.jpeg\" aria-invalid=\"false\" type=\"file\" name=\"file5\" \/><\/span>\n\t\t\t<\/p>\n\t\t<\/div>\n\t<\/div>\n\t<div class=\"row\">\n\t\t<div class=\"col-12 input-checkbox\">\n\t\t\t<p><span class=\"wpcf7-form-control-wrap\" data-name=\"acceptance\"><span class=\"wpcf7-form-control wpcf7-acceptance\"><span class=\"wpcf7-list-item\"><label><input type=\"checkbox\" name=\"acceptance\" value=\"1\" aria-invalid=\"false\" \/><span class=\"wpcf7-list-item-label\">Czyta\u0142em\/czyta\u0142am rozporz\u0105dzenie o ochronie danych osobowych dla kandydat\u00f3w, kt\u00f3re znajduj\u0105 si\u0119 na stronie internetowej www.trummer.eu\/at\/datenschutz Niniejszym potwierdzam zapoznanie si\u0119 z jego tre\u015bci\u0105 oraz wyra\u017cam zgod\u0119 na przetwarzanie danych osobowych przekazanych w trakcie sk\u0142adania aplikacji. \nJako osoba, kt\u00f3rej dane te dotycz\u0105 w rozumieniu og\u00f3lnego rozporz\u0105dzenia o ochronie danych, przys\u0142uguj\u0105 mi tak\u017ce inne prawa. Szczeg\u00f3\u0142owe informacje odno\u015bnie do praw osoby, kt\u00f3rej dane dotycz\u0105 w zakresie sposobu dochodzenia roszcze\u0144 oraz przepis\u00f3w ochrony danych znajduj\u0105 si\u0119 na Mo\u017cna je tak\u017ce otrzyma\u0107 , pisz\u0105c wiadomo\u015b\u0107 na nasz adres e-mail team.opole@trummer.eu Zgod\u0119 udzielon\u0105 firmie TRUMMER mo\u017cna w dowolnej chwili wycofa\u0107 bez podawania powod\u00f3w pisemnie, za pomoc\u0105 poczty lub na adres e-mail team.opole@trummer.eu *<\/span><\/label><\/span><\/span><\/span>\n\t\t\t<\/p>\n\t\t<\/div>\n\t\t<div class=\"col-12 input-checkbox\">\n\t\t\t<p><span class=\"wpcf7-form-control-wrap\" data-name=\"acceptance\"><span class=\"wpcf7-form-control wpcf7-acceptance\"><span class=\"wpcf7-list-item\"><label><input type=\"checkbox\" name=\"acceptance\" value=\"1\" aria-invalid=\"false\" \/><span class=\"wpcf7-list-item-label\">Wyra\u017cam zgod\u0119 na przekazanie i sprawdzanie mojej aplikacji przez inne firmy w grupie Trummer.*<\/span><\/label><\/span><\/span><\/span>\n\t\t\t<\/p>\n\t\t<\/div>\n\t<\/div>\n\t<div class=\"row\">\n\t\t<div class=\"col-12 btn-send\">\n\t\t\t<p><input class=\"wpcf7-form-control wpcf7-submit has-spinner\" type=\"submit\" value=\"Wy\u015blij podanie\" \/>\n\t\t\t<\/p>\n\t\t<\/div>\n\t<\/div>\n<\/div><div class=\"wpcf7-response-output\" aria-hidden=\"true\"><\/div>\n<\/form>\n<\/div>\n\n","protected":false},"excerpt":{"rendered":"","protected":false},"author":1,"featured_media":0,"parent":0,"menu_order":0,"comment_status":"closed","ping_status":"closed","template":"template-parts\/template-application.php","meta":{"_acf_changed":false,"footnotes":""},"class_list":["post-1257","page","type-page","status-publish","hentry"],"acf":[],"yoast_head":"<!-- This site is optimized with the Yoast SEO plugin v27.3 - https:\/\/yoast.com\/product\/yoast-seo-wordpress\/ -->\n<title>Bewerbung - Trummer Poland<\/title>\n<meta name=\"robots\" content=\"index, follow, max-snippet:-1, max-image-preview:large, max-video-preview:-1\" \/>\n<link rel=\"canonical\" href=\"https:\/\/trummer.eu\/pl\/bewerbung\" \/>\n<meta property=\"og:locale\" content=\"en_US\" \/>\n<meta property=\"og:type\" content=\"article\" \/>\n<meta property=\"og:title\" content=\"Bewerbung - Trummer Poland\" \/>\n<meta property=\"og:url\" content=\"https:\/\/trummer.eu\/pl\/bewerbung\" \/>\n<meta property=\"og:site_name\" content=\"Trummer Poland\" \/>\n<meta property=\"article:modified_time\" content=\"2019-07-31T07:48:03+00:00\" \/>\n<meta name=\"twitter:card\" content=\"summary_large_image\" \/>\n<script type=\"application\/ld+json\" class=\"yoast-schema-graph\">{\"@context\":\"https:\\\/\\\/schema.org\",\"@graph\":[{\"@type\":\"WebPage\",\"@id\":\"https:\\\/\\\/trummer.eu\\\/pl\\\/bewerbung\",\"url\":\"https:\\\/\\\/trummer.eu\\\/pl\\\/bewerbung\",\"name\":\"Bewerbung - Trummer Poland\",\"isPartOf\":{\"@id\":\"https:\\\/\\\/trummer.eu\\\/pl\\\/#website\"},\"datePublished\":\"2019-04-26T15:07:09+00:00\",\"dateModified\":\"2019-07-31T07:48:03+00:00\",\"breadcrumb\":{\"@id\":\"https:\\\/\\\/trummer.eu\\\/pl\\\/bewerbung#breadcrumb\"},\"inLanguage\":\"en-US\",\"potentialAction\":[{\"@type\":\"ReadAction\",\"target\":[\"https:\\\/\\\/trummer.eu\\\/pl\\\/bewerbung\"]}]},{\"@type\":\"BreadcrumbList\",\"@id\":\"https:\\\/\\\/trummer.eu\\\/pl\\\/bewerbung#breadcrumb\",\"itemListElement\":[{\"@type\":\"ListItem\",\"position\":1,\"name\":\"Startseite\",\"item\":\"https:\\\/\\\/trummer.eu\\\/pl\\\/\"},{\"@type\":\"ListItem\",\"position\":2,\"name\":\"Bewerbung\"}]},{\"@type\":\"WebSite\",\"@id\":\"https:\\\/\\\/trummer.eu\\\/pl\\\/#website\",\"url\":\"https:\\\/\\\/trummer.eu\\\/pl\\\/\",\"name\":\"Trummer Poland\",\"description\":\"Seit 1987 von Mensch zu Mensch.\",\"potentialAction\":[{\"@type\":\"SearchAction\",\"target\":{\"@type\":\"EntryPoint\",\"urlTemplate\":\"https:\\\/\\\/trummer.eu\\\/pl\\\/?s={search_term_string}\"},\"query-input\":{\"@type\":\"PropertyValueSpecification\",\"valueRequired\":true,\"valueName\":\"search_term_string\"}}],\"inLanguage\":\"en-US\"}]}<\/script>\n<!-- \/ Yoast SEO plugin. -->","yoast_head_json":{"title":"Bewerbung - Trummer Poland","robots":{"index":"index","follow":"follow","max-snippet":"max-snippet:-1","max-image-preview":"max-image-preview:large","max-video-preview":"max-video-preview:-1"},"canonical":"https:\/\/trummer.eu\/pl\/bewerbung","og_locale":"en_US","og_type":"article","og_title":"Bewerbung - Trummer Poland","og_url":"https:\/\/trummer.eu\/pl\/bewerbung","og_site_name":"Trummer Poland","article_modified_time":"2019-07-31T07:48:03+00:00","twitter_card":"summary_large_image","schema":{"@context":"https:\/\/schema.org","@graph":[{"@type":"WebPage","@id":"https:\/\/trummer.eu\/pl\/bewerbung","url":"https:\/\/trummer.eu\/pl\/bewerbung","name":"Bewerbung - Trummer Poland","isPartOf":{"@id":"https:\/\/trummer.eu\/pl\/#website"},"datePublished":"2019-04-26T15:07:09+00:00","dateModified":"2019-07-31T07:48:03+00:00","breadcrumb":{"@id":"https:\/\/trummer.eu\/pl\/bewerbung#breadcrumb"},"inLanguage":"en-US","potentialAction":[{"@type":"ReadAction","target":["https:\/\/trummer.eu\/pl\/bewerbung"]}]},{"@type":"BreadcrumbList","@id":"https:\/\/trummer.eu\/pl\/bewerbung#breadcrumb","itemListElement":[{"@type":"ListItem","position":1,"name":"Startseite","item":"https:\/\/trummer.eu\/pl\/"},{"@type":"ListItem","position":2,"name":"Bewerbung"}]},{"@type":"WebSite","@id":"https:\/\/trummer.eu\/pl\/#website","url":"https:\/\/trummer.eu\/pl\/","name":"Trummer Poland","description":"Seit 1987 von Mensch zu Mensch.","potentialAction":[{"@type":"SearchAction","target":{"@type":"EntryPoint","urlTemplate":"https:\/\/trummer.eu\/pl\/?s={search_term_string}"},"query-input":{"@type":"PropertyValueSpecification","valueRequired":true,"valueName":"search_term_string"}}],"inLanguage":"en-US"}]}},"_links":{"self":[{"href":"https:\/\/trummer.eu\/pl\/wp-json\/wp\/v2\/pages\/1257","targetHints":{"allow":["GET"]}}],"collection":[{"href":"https:\/\/trummer.eu\/pl\/wp-json\/wp\/v2\/pages"}],"about":[{"href":"https:\/\/trummer.eu\/pl\/wp-json\/wp\/v2\/types\/page"}],"author":[{"embeddable":true,"href":"https:\/\/trummer.eu\/pl\/wp-json\/wp\/v2\/users\/1"}],"replies":[{"embeddable":true,"href":"https:\/\/trummer.eu\/pl\/wp-json\/wp\/v2\/comments?post=1257"}],"version-history":[{"count":2,"href":"https:\/\/trummer.eu\/pl\/wp-json\/wp\/v2\/pages\/1257\/revisions"}],"predecessor-version":[{"id":1422,"href":"https:\/\/trummer.eu\/pl\/wp-json\/wp\/v2\/pages\/1257\/revisions\/1422"}],"wp:attachment":[{"href":"https:\/\/trummer.eu\/pl\/wp-json\/wp\/v2\/media?parent=1257"}],"curies":[{"name":"wp","href":"https:\/\/api.w.org\/{rel}","templated":true}]}}