{"id":1021,"date":"2019-04-26T17:07:09","date_gmt":"2019-04-26T15:07:09","guid":{"rendered":"http:\/\/trummer.eu\/at\/?page_id=711"},"modified":"2021-07-14T10:45:12","modified_gmt":"2021-07-14T08:45:12","slug":"bewerbung","status":"publish","type":"page","link":"https:\/\/trummer.eu\/sk\/bewerbung\/","title":{"rendered":"Bewerbung"},"content":{"rendered":"\n\n<div class=\"wpcf7 no-js\" id=\"wpcf7-f1018-o1\" lang=\"de-DE\" dir=\"ltr\" data-wpcf7-id=\"1018\">\n<div class=\"screen-reader-response\"><p role=\"status\" aria-live=\"polite\" aria-atomic=\"true\"><\/p> <ul><\/ul><\/div>\n<form action=\"\/sk\/wp-json\/wp\/v2\/pages\/1021#wpcf7-f1018-o1\" method=\"post\" class=\"wpcf7-form init\" aria-label=\"Contact form\" enctype=\"multipart\/form-data\" novalidate=\"novalidate\" data-status=\"init\">\n<fieldset class=\"hidden-fields-container\"><input type=\"hidden\" name=\"_wpcf7\" value=\"1018\" \/><input type=\"hidden\" name=\"_wpcf7_version\" value=\"6.1.5\" \/><input type=\"hidden\" name=\"_wpcf7_locale\" value=\"de_DE\" \/><input type=\"hidden\" name=\"_wpcf7_unit_tag\" value=\"wpcf7-f1018-o1\" \/><input type=\"hidden\" name=\"_wpcf7_container_post\" value=\"0\" \/><input type=\"hidden\" name=\"_wpcf7_posted_data_hash\" value=\"\" \/>\n<\/fieldset>\n<div class=\"col-lg-8\" style=\"padding:0;\">\n\t<div class=\"row\">\n\t\t<div class=\"col-12\">\n\t\t\t<p>Polia ozna\u010den\u00e9 * s\u00fa povinn\u00e9.\n\t\t\t<\/p>\n\t\t<\/div>\n\t<\/div>\n\t<div class=\"row\">\n\t\t<div class=\"col-sm-6 input-basic\">\n\t\t\t<p><label for=\"salutation\">Oslovenie*<\/label><br \/>\n<span class=\"wpcf7-form-control-wrap\" data-name=\"salutation\"><select class=\"wpcf7-form-control wpcf7-select wpcf7-validates-as-required\" aria-required=\"true\" aria-invalid=\"false\" name=\"salutation\"><option value=\"P\u00e1n\">P\u00e1n<\/option><option value=\"Pani\">Pani<\/option><\/select><\/span><br \/>\n<label for=\"firstname\">Meno*<\/label><br \/>\n<span class=\"wpcf7-form-control-wrap\" data-name=\"firstname\"><input size=\"40\" maxlength=\"400\" class=\"wpcf7-form-control wpcf7-text wpcf7-validates-as-required\" aria-required=\"true\" aria-invalid=\"false\" value=\"\" type=\"text\" name=\"firstname\" \/><\/span><br \/>\n<label for=\"street\">Ulica\/\u010d\u00edslo domu<\/label><br \/>\n<span class=\"wpcf7-form-control-wrap\" data-name=\"street\"><input size=\"40\" maxlength=\"400\" class=\"wpcf7-form-control wpcf7-text\" aria-invalid=\"false\" value=\"\" type=\"text\" name=\"street\" \/><\/span><br \/>\n<label for=\"city\">Mesto<\/label><br \/>\n<span class=\"wpcf7-form-control-wrap\" data-name=\"city\"><input size=\"40\" maxlength=\"400\" class=\"wpcf7-form-control wpcf7-text\" aria-invalid=\"false\" value=\"\" type=\"text\" name=\"city\" \/><\/span><br \/>\n<label for=\"tel\">Telef\u00f3n<\/label><br \/>\n<span class=\"wpcf7-form-control-wrap\" data-name=\"telephone\"><input size=\"40\" maxlength=\"400\" class=\"wpcf7-form-control wpcf7-tel wpcf7-text wpcf7-validates-as-tel\" aria-invalid=\"false\" value=\"\" type=\"tel\" name=\"telephone\" \/><\/span>\n\t\t\t<\/p>\n\t\t<\/div>\n\t\t<div class=\"col-sm-6 input-basic\">\n\t\t\t<p><label for=\"title\">Titul<\/label><br \/>\n<span class=\"wpcf7-form-control-wrap\" data-name=\"title\"><input size=\"40\" maxlength=\"400\" class=\"wpcf7-form-control wpcf7-text\" aria-invalid=\"false\" value=\"\" type=\"text\" name=\"title\" \/><\/span><br \/>\n<label for=\"lastname\">Priezvisko*<\/label><br \/>\n<span class=\"wpcf7-form-control-wrap\" data-name=\"lastname\"><input size=\"40\" maxlength=\"400\" class=\"wpcf7-form-control wpcf7-text wpcf7-validates-as-required\" aria-required=\"true\" aria-invalid=\"false\" value=\"\" type=\"text\" name=\"lastname\" \/><\/span><br \/>\n<label for=\"postcode\">PS\u010c<\/label><br \/>\n<span class=\"wpcf7-form-control-wrap\" data-name=\"postcode\"><input size=\"40\" maxlength=\"400\" class=\"wpcf7-form-control wpcf7-text\" aria-invalid=\"false\" value=\"\" type=\"text\" name=\"postcode\" \/><\/span><br \/>\n<label for=\"country\">\u0160t\u00e1t<\/label><br \/>\n<span class=\"wpcf7-form-control-wrap\" data-name=\"country\"><input size=\"40\" maxlength=\"400\" class=\"wpcf7-form-control wpcf7-text\" aria-invalid=\"false\" value=\"\" type=\"text\" name=\"country\" \/><\/span><br \/>\n<label for=\"email\">E-mailov\u00e1 adresa*<\/label><br \/>\n<span class=\"wpcf7-form-control-wrap\" data-name=\"email\"><input size=\"40\" maxlength=\"400\" class=\"wpcf7-form-control wpcf7-email wpcf7-validates-as-required wpcf7-text wpcf7-validates-as-email\" aria-required=\"true\" aria-invalid=\"false\" value=\"\" type=\"email\" name=\"email\" \/><\/span>\n\t\t\t<\/p>\n\t\t<\/div>\n\t<\/div>\n\t<div class=\"row\">\n\t\t<div class=\"col-12 input-basic\">\n\t\t\t<p><label for=\"textarea\">Va\u0161a spr\u00e1va<\/label><br \/>\n<span class=\"wpcf7-form-control-wrap\" data-name=\"textarea\"><textarea cols=\"40\" rows=\"10\" maxlength=\"2000\" class=\"wpcf7-form-control wpcf7-textarea\" aria-invalid=\"false\" name=\"textarea\"><\/textarea><\/span>\n\t\t\t<\/p>\n\t\t<\/div>\n\t<\/div>\n\t<div class=\"row\">\n\t\t<div class=\"col-12\">\n\t\t\t<p>Va\u0161e pr\u00edlohy\n\t\t\t<\/p>\n\t\t<\/div>\n\t\t<div class=\"col-12\">\n\t\t\t<p>Tu m\u00f4\u017eete nahra\u0165 svoje pr\u00edlohy, ako je napr. \u017eivotopis, list alebo certifik\u00e1ty a vysved\u010denia. Povolen\u00e9 form\u00e1ty s\u00faborov: pdf, doc, docx, odf, jpeg\n\t\t\t<\/p>\n\t\t<\/div>\n\t<\/div>\n\t<div class=\"row\">\n\t\t<div class=\"col-sm-6 input-files\">\n\t\t\t<p><label for=\"file\">Datoteka 1 (najve\u010dja dovoljena velikost datoteke: 10MB)<\/label><br \/>\n<span class=\"wpcf7-form-control-wrap\" data-name=\"file1\"><input size=\"40\" class=\"wpcf7-form-control wpcf7-file\" accept=\".pdf,.doc,.docx,.odf,.jpeg\" aria-invalid=\"false\" type=\"file\" name=\"file1\" \/><\/span><br \/>\n<label for=\"file\">Datoteka 2 (najve\u010dja dovoljena velikost datoteke: 10MB)<\/label><br \/>\n<span class=\"wpcf7-form-control-wrap\" data-name=\"file2\"><input size=\"40\" class=\"wpcf7-form-control wpcf7-file\" accept=\".pdf,.doc,.docx,.odf,.jpeg\" aria-invalid=\"false\" type=\"file\" name=\"file2\" \/><\/span><br \/>\n<label for=\"file\">Datoteka 3 (najve\u010dja dovoljena velikost datoteke: 10MB)<\/label><br \/>\n<span class=\"wpcf7-form-control-wrap\" data-name=\"file3\"><input size=\"40\" class=\"wpcf7-form-control wpcf7-file\" accept=\".pdf,.doc,.docx,.odf,.jpeg\" aria-invalid=\"false\" type=\"file\" name=\"file3\" \/><\/span>\n\t\t\t<\/p>\n\t\t<\/div>\n\t\t<div class=\"col-sm-6 input-files\">\n\t\t\t<p><label for=\"file\">Datoteka 4 (najve\u010dja dovoljena velikost datoteke: 10MB)<\/label><br \/>\n<span class=\"wpcf7-form-control-wrap\" data-name=\"file4\"><input size=\"40\" class=\"wpcf7-form-control wpcf7-file\" accept=\".pdf,.doc,.docx,.odf,.jpeg\" aria-invalid=\"false\" type=\"file\" name=\"file4\" \/><\/span><br \/>\n<label for=\"file\">Datoteka 5 (najve\u010dja dovoljena velikost datoteke: 10MB)<\/label><br \/>\n<span class=\"wpcf7-form-control-wrap\" data-name=\"file5\"><input size=\"40\" class=\"wpcf7-form-control wpcf7-file\" accept=\".pdf,.doc,.docx,.odf,.jpeg\" aria-invalid=\"false\" type=\"file\" name=\"file5\" \/><\/span>\n\t\t\t<\/p>\n\t\t<\/div>\n\t<\/div>\n\t<div class=\"row\">\n\t\t<div class=\"col-12 input-checkbox\">\n\t\t\t<p><span class=\"wpcf7-form-control-wrap\" data-name=\"acceptance\"><span class=\"wpcf7-form-control wpcf7-acceptance\"><span class=\"wpcf7-list-item\"><label><input type=\"checkbox\" name=\"acceptance\" value=\"1\" aria-invalid=\"false\" \/><span class=\"wpcf7-list-item-label\">Vyhl\u00e1senie o ochrane osobn\u00fdch \u00fadajov ur\u010den\u00e9 pre uch\u00e1dza\u010dov na str\u00e1nke www.trummer.eu\/at\/datenschutz som si pre\u010d\u00edtal, beriem ho na vedomie a s\u00fahlas\u00edm so spracovan\u00edm osobn\u00fdch \u00fadajov poskytnut\u00fdch v r\u00e1mci tejto \u017eiadosti o zamestnanie. Ako dotknut\u00e1 osoba v zmysle nariadenia o ochrane osobn\u00fdch \u00fadajov m\u00e1m aj \u010fal\u0161ie pr\u00e1va. Viac inform\u00e1ci\u00ed o pr\u00e1vach dotknut\u00fdch os\u00f4b, ich uplat\u0148ovan\u00ed a ustanoven\u00ed o ochrane osobn\u00fdch \u00fadajov s\u00fa k dispoz\u00edcii na str\u00e1nke www.trummer.eu\/at\/datenschutz, mo\u017eno si ich v\u0161ak vy\u017eiada\u0165 aj prostredn\u00edctvom e-mailu (team.brno@trummer.eu). Tento udelen\u00fd s\u00fahlas m\u00f4\u017eem kedyko\u013evek a bez uvedenia d\u00f4vodov p\u00edsomne odvola\u0165 po\u0161tou alebo e-mailom na adresu spolo\u010dnosti TRUMMER team.brno@trummer.eu *<\/span><\/label><\/span><\/span><\/span>\n\t\t\t<\/p>\n\t\t<\/div>\n\t\t<div class=\"col-12 input-checkbox\">\n\t\t\t<p><span class=\"wpcf7-form-control-wrap\" data-name=\"acceptance\"><span class=\"wpcf7-form-control wpcf7-acceptance\"><span class=\"wpcf7-list-item\"><label><input type=\"checkbox\" name=\"acceptance\" value=\"1\" aria-invalid=\"false\" \/><span class=\"wpcf7-list-item-label\">S\u00fahlas\u00edm so spracovan\u00edm a preveren\u00edm svojej \u017eiadosti o zamestnanie in\u00fdmi spolo\u010dnos\u0165ami v r\u00e1mci skupiny Trummer.*<\/span><\/label><\/span><\/span><\/span>\n\t\t\t<\/p>\n\t\t<\/div>\n\t<\/div>\n\t<div class=\"row\">\n\t\t<div class=\"col-12 btn-send\">\n\t\t\t<p><input class=\"wpcf7-form-control wpcf7-submit has-spinner\" type=\"submit\" value=\"Odosla\u0165 \u017eiados\u0165\" \/>\n\t\t\t<\/p>\n\t\t<\/div>\n\t<\/div>\n<\/div><div class=\"wpcf7-response-output\" aria-hidden=\"true\"><\/div>\n<\/form>\n<\/div>\n\n","protected":false},"excerpt":{"rendered":"","protected":false},"author":10,"featured_media":0,"parent":0,"menu_order":0,"comment_status":"closed","ping_status":"closed","template":"template-parts\/template-application.php","meta":{"_acf_changed":false,"footnotes":""},"class_list":["post-1021","page","type-page","status-publish","hentry"],"acf":[],"yoast_head":"<!-- This site is optimized with the Yoast SEO plugin v27.3 - https:\/\/yoast.com\/product\/yoast-seo-wordpress\/ -->\n<title>Bewerbung - Trummer<\/title>\n<meta name=\"robots\" content=\"index, follow, max-snippet:-1, max-image-preview:large, max-video-preview:-1\" \/>\n<link rel=\"canonical\" href=\"https:\/\/trummer.eu\/sk\/bewerbung\/\" \/>\n<meta property=\"og:locale\" content=\"sk_SK\" \/>\n<meta property=\"og:type\" content=\"article\" \/>\n<meta property=\"og:title\" content=\"Bewerbung - Trummer\" \/>\n<meta property=\"og:url\" content=\"https:\/\/trummer.eu\/sk\/bewerbung\/\" \/>\n<meta property=\"og:site_name\" content=\"Trummer\" \/>\n<meta property=\"article:modified_time\" content=\"2021-07-14T08:45:12+00:00\" \/>\n<meta name=\"twitter:card\" content=\"summary_large_image\" \/>\n<script type=\"application\/ld+json\" class=\"yoast-schema-graph\">{\"@context\":\"https:\\\/\\\/schema.org\",\"@graph\":[{\"@type\":\"WebPage\",\"@id\":\"https:\\\/\\\/trummer.eu\\\/sk\\\/bewerbung\\\/\",\"url\":\"https:\\\/\\\/trummer.eu\\\/sk\\\/bewerbung\\\/\",\"name\":\"Bewerbung - Trummer\",\"isPartOf\":{\"@id\":\"https:\\\/\\\/trummer.eu\\\/sk\\\/#website\"},\"datePublished\":\"2019-04-26T15:07:09+00:00\",\"dateModified\":\"2021-07-14T08:45:12+00:00\",\"breadcrumb\":{\"@id\":\"https:\\\/\\\/trummer.eu\\\/sk\\\/bewerbung\\\/#breadcrumb\"},\"inLanguage\":\"sk-SK\",\"potentialAction\":[{\"@type\":\"ReadAction\",\"target\":[\"https:\\\/\\\/trummer.eu\\\/sk\\\/bewerbung\\\/\"]}]},{\"@type\":\"BreadcrumbList\",\"@id\":\"https:\\\/\\\/trummer.eu\\\/sk\\\/bewerbung\\\/#breadcrumb\",\"itemListElement\":[{\"@type\":\"ListItem\",\"position\":1,\"name\":\"Startseite\",\"item\":\"https:\\\/\\\/trummer.eu\\\/sk\\\/\"},{\"@type\":\"ListItem\",\"position\":2,\"name\":\"Bewerbung\"}]},{\"@type\":\"WebSite\",\"@id\":\"https:\\\/\\\/trummer.eu\\\/sk\\\/#website\",\"url\":\"https:\\\/\\\/trummer.eu\\\/sk\\\/\",\"name\":\"Trummer\",\"description\":\"Die besten Jobs seit 1987.\",\"potentialAction\":[{\"@type\":\"SearchAction\",\"target\":{\"@type\":\"EntryPoint\",\"urlTemplate\":\"https:\\\/\\\/trummer.eu\\\/sk\\\/?s={search_term_string}\"},\"query-input\":{\"@type\":\"PropertyValueSpecification\",\"valueRequired\":true,\"valueName\":\"search_term_string\"}}],\"inLanguage\":\"sk-SK\"}]}<\/script>\n<!-- \/ Yoast SEO plugin. -->","yoast_head_json":{"title":"Bewerbung - Trummer","robots":{"index":"index","follow":"follow","max-snippet":"max-snippet:-1","max-image-preview":"max-image-preview:large","max-video-preview":"max-video-preview:-1"},"canonical":"https:\/\/trummer.eu\/sk\/bewerbung\/","og_locale":"sk_SK","og_type":"article","og_title":"Bewerbung - Trummer","og_url":"https:\/\/trummer.eu\/sk\/bewerbung\/","og_site_name":"Trummer","article_modified_time":"2021-07-14T08:45:12+00:00","twitter_card":"summary_large_image","schema":{"@context":"https:\/\/schema.org","@graph":[{"@type":"WebPage","@id":"https:\/\/trummer.eu\/sk\/bewerbung\/","url":"https:\/\/trummer.eu\/sk\/bewerbung\/","name":"Bewerbung - Trummer","isPartOf":{"@id":"https:\/\/trummer.eu\/sk\/#website"},"datePublished":"2019-04-26T15:07:09+00:00","dateModified":"2021-07-14T08:45:12+00:00","breadcrumb":{"@id":"https:\/\/trummer.eu\/sk\/bewerbung\/#breadcrumb"},"inLanguage":"sk-SK","potentialAction":[{"@type":"ReadAction","target":["https:\/\/trummer.eu\/sk\/bewerbung\/"]}]},{"@type":"BreadcrumbList","@id":"https:\/\/trummer.eu\/sk\/bewerbung\/#breadcrumb","itemListElement":[{"@type":"ListItem","position":1,"name":"Startseite","item":"https:\/\/trummer.eu\/sk\/"},{"@type":"ListItem","position":2,"name":"Bewerbung"}]},{"@type":"WebSite","@id":"https:\/\/trummer.eu\/sk\/#website","url":"https:\/\/trummer.eu\/sk\/","name":"Trummer","description":"Die besten Jobs seit 1987.","potentialAction":[{"@type":"SearchAction","target":{"@type":"EntryPoint","urlTemplate":"https:\/\/trummer.eu\/sk\/?s={search_term_string}"},"query-input":{"@type":"PropertyValueSpecification","valueRequired":true,"valueName":"search_term_string"}}],"inLanguage":"sk-SK"}]}},"_links":{"self":[{"href":"https:\/\/trummer.eu\/sk\/wp-json\/wp\/v2\/pages\/1021","targetHints":{"allow":["GET"]}}],"collection":[{"href":"https:\/\/trummer.eu\/sk\/wp-json\/wp\/v2\/pages"}],"about":[{"href":"https:\/\/trummer.eu\/sk\/wp-json\/wp\/v2\/types\/page"}],"author":[{"embeddable":true,"href":"https:\/\/trummer.eu\/sk\/wp-json\/wp\/v2\/users\/10"}],"replies":[{"embeddable":true,"href":"https:\/\/trummer.eu\/sk\/wp-json\/wp\/v2\/comments?post=1021"}],"version-history":[{"count":2,"href":"https:\/\/trummer.eu\/sk\/wp-json\/wp\/v2\/pages\/1021\/revisions"}],"predecessor-version":[{"id":5465,"href":"https:\/\/trummer.eu\/sk\/wp-json\/wp\/v2\/pages\/1021\/revisions\/5465"}],"wp:attachment":[{"href":"https:\/\/trummer.eu\/sk\/wp-json\/wp\/v2\/media?parent=1021"}],"curies":[{"name":"wp","href":"https:\/\/api.w.org\/{rel}","templated":true}]}}