{"id":1021,"date":"2019-04-26T17:07:09","date_gmt":"2019-04-26T15:07:09","guid":{"rendered":"https:\/\/trummer.eu\/at\/?page_id=711"},"modified":"2019-07-31T09:49:36","modified_gmt":"2019-07-31T07:49:36","slug":"bewerbung","status":"publish","type":"page","link":"https:\/\/trummer.eu\/sl\/bewerbung","title":{"rendered":"Bewerbung"},"content":{"rendered":"\n\n<div class=\"wpcf7 no-js\" id=\"wpcf7-f1018-o1\" lang=\"de-DE\" dir=\"ltr\" data-wpcf7-id=\"1018\">\n<div class=\"screen-reader-response\"><p role=\"status\" aria-live=\"polite\" aria-atomic=\"true\"><\/p> <ul><\/ul><\/div>\n<form action=\"\/sl\/wp-json\/wp\/v2\/pages\/1021#wpcf7-f1018-o1\" method=\"post\" class=\"wpcf7-form init\" aria-label=\"Kontaktformular\" enctype=\"multipart\/form-data\" novalidate=\"novalidate\" data-status=\"init\">\n<fieldset class=\"hidden-fields-container\"><input type=\"hidden\" name=\"_wpcf7\" value=\"1018\" \/><input type=\"hidden\" name=\"_wpcf7_version\" value=\"6.1.5\" \/><input type=\"hidden\" name=\"_wpcf7_locale\" value=\"de_DE\" \/><input type=\"hidden\" name=\"_wpcf7_unit_tag\" value=\"wpcf7-f1018-o1\" \/><input type=\"hidden\" name=\"_wpcf7_container_post\" value=\"0\" \/><input type=\"hidden\" name=\"_wpcf7_posted_data_hash\" value=\"\" \/><input type=\"hidden\" name=\"_wpcf7_recaptcha_response\" value=\"\" \/>\n<\/fieldset>\n<div class=\"col-lg-8\" style=\"padding:0;\">\n\t<div class=\"row\">\n\t\t<div class=\"col-12\">\n\t\t\t<p>Z * ozna\u010dena polja so obvezna.\n\t\t\t<\/p>\n\t\t<\/div>\n\t<\/div>\n\t<div class=\"row\">\n\t\t<div class=\"col-sm-6 input-basic\">\n\t\t\t<p><span class=\"wpcf7-form-control-wrap\" data-name=\"job-number\"><input size=\"40\" maxlength=\"400\" class=\"wpcf7-form-control wpcf7-text remove-input-field\" id=\"yourapplicationnumber\" aria-invalid=\"false\" value=\"\" type=\"text\" name=\"job-number\" \/><\/span><br \/>\n<label for=\"salutation\">Nagovor*<\/label><br \/>\n<span class=\"wpcf7-form-control-wrap\" data-name=\"salutation\"><select class=\"wpcf7-form-control wpcf7-select wpcf7-validates-as-required\" aria-required=\"true\" aria-invalid=\"false\" name=\"salutation\"><option value=\"Gospod\">Gospod<\/option><option value=\"Gospa\">Gospa<\/option><\/select><\/span><br \/>\n<label for=\"firstname\">Ime*<\/label><br \/>\n<span class=\"wpcf7-form-control-wrap\" data-name=\"firstname\"><input size=\"40\" maxlength=\"400\" class=\"wpcf7-form-control wpcf7-text wpcf7-validates-as-required\" aria-required=\"true\" aria-invalid=\"false\" value=\"\" type=\"text\" name=\"firstname\" \/><\/span><br \/>\n<label for=\"street\">Ulica\/hi\u0161na \u0161tevilka<\/label><br \/>\n<span class=\"wpcf7-form-control-wrap\" data-name=\"street\"><input size=\"40\" maxlength=\"400\" class=\"wpcf7-form-control wpcf7-text\" aria-invalid=\"false\" value=\"\" type=\"text\" name=\"street\" \/><\/span><br \/>\n<label for=\"city\">Kraj<\/label><br \/>\n<span class=\"wpcf7-form-control-wrap\" data-name=\"city\"><input size=\"40\" maxlength=\"400\" class=\"wpcf7-form-control wpcf7-text\" aria-invalid=\"false\" value=\"\" type=\"text\" name=\"city\" \/><\/span><br \/>\n<label for=\"tel\">Telefon<\/label><br \/>\n<span class=\"wpcf7-form-control-wrap\" data-name=\"telephone\"><input size=\"40\" maxlength=\"400\" class=\"wpcf7-form-control wpcf7-tel wpcf7-text wpcf7-validates-as-tel\" aria-invalid=\"false\" value=\"\" type=\"tel\" name=\"telephone\" \/><\/span>\n\t\t\t<\/p>\n\t\t<\/div>\n\t\t<div class=\"col-sm-6 input-basic\">\n\t\t\t<p><label for=\"title\">Naziv<\/label><br \/>\n<span class=\"wpcf7-form-control-wrap\" data-name=\"title\"><input size=\"40\" maxlength=\"400\" class=\"wpcf7-form-control wpcf7-text\" aria-invalid=\"false\" value=\"\" type=\"text\" name=\"title\" \/><\/span><br \/>\n<label for=\"lastname\">Priimek*<\/label><br \/>\n<span class=\"wpcf7-form-control-wrap\" data-name=\"lastname\"><input size=\"40\" maxlength=\"400\" class=\"wpcf7-form-control wpcf7-text wpcf7-validates-as-required\" aria-required=\"true\" aria-invalid=\"false\" value=\"\" type=\"text\" name=\"lastname\" \/><\/span><br \/>\n<label for=\"postcode\">Po\u0161tna \u0161tevilka<\/label><br \/>\n<span class=\"wpcf7-form-control-wrap\" data-name=\"postcode\"><input size=\"40\" maxlength=\"400\" class=\"wpcf7-form-control wpcf7-text\" aria-invalid=\"false\" value=\"\" type=\"text\" name=\"postcode\" \/><\/span><br \/>\n<label for=\"country\">Dr\u017eava<\/label><br \/>\n<span class=\"wpcf7-form-control-wrap\" data-name=\"country\"><input size=\"40\" maxlength=\"400\" class=\"wpcf7-form-control wpcf7-text\" aria-invalid=\"false\" value=\"\" type=\"text\" name=\"country\" \/><\/span><br \/>\n<label for=\"email\">E-po\u0161tni naslov*<\/label><br \/>\n<span class=\"wpcf7-form-control-wrap\" data-name=\"email\"><input size=\"40\" maxlength=\"400\" class=\"wpcf7-form-control wpcf7-email wpcf7-validates-as-required wpcf7-text wpcf7-validates-as-email\" aria-required=\"true\" aria-invalid=\"false\" value=\"\" type=\"email\" name=\"email\" \/><\/span>\n\t\t\t<\/p>\n\t\t<\/div>\n\t<\/div>\n\t<div class=\"row\">\n\t\t<div class=\"col-12 input-basic\">\n\t\t\t<p><label for=\"textarea\">Va\u0161e sporo\u010dilo za nas<\/label><br \/>\n<span class=\"wpcf7-form-control-wrap\" data-name=\"textarea\"><textarea cols=\"40\" rows=\"10\" maxlength=\"2000\" class=\"wpcf7-form-control wpcf7-textarea\" aria-invalid=\"false\" name=\"textarea\"><\/textarea><\/span>\n\t\t\t<\/p>\n\t\t<\/div>\n\t<\/div>\n\t<div class=\"row\">\n\t\t<div class=\"col-12\">\n\t\t\t<p>Va\u0161e priponke\n\t\t\t<\/p>\n\t\t<\/div>\n\t\t<div class=\"col-12\">\n\t\t\t<p>Tukaj lahko nalo\u017eite priponke, kot so na primer \u017eivljenjepis, dopis ali certifikati ter spri\u010devala. Dovoljene vrste datotek: pdf, doc, docx, odf, jpeg\n\t\t\t<\/p>\n\t\t<\/div>\n\t<\/div>\n\t<div class=\"row\">\n\t\t<div class=\"col-sm-6 input-files\">\n\t\t\t<p><label for=\"file\">Datoteka 1 (najve\u010dja dovoljena velikost datoteke: 10MB)<\/label><br \/>\n<span class=\"wpcf7-form-control-wrap\" data-name=\"file1\"><input size=\"40\" class=\"wpcf7-form-control wpcf7-file\" accept=\".pdf,.doc,.docx,.odf,.jpeg\" aria-invalid=\"false\" type=\"file\" name=\"file1\" \/><\/span><br \/>\n<label for=\"file\">Datoteka 2 (najve\u010dja dovoljena velikost datoteke: 10MB)<\/label><br \/>\n<span class=\"wpcf7-form-control-wrap\" data-name=\"file2\"><input size=\"40\" class=\"wpcf7-form-control wpcf7-file\" accept=\".pdf,.doc,.docx,.odf,.jpeg\" aria-invalid=\"false\" type=\"file\" name=\"file2\" \/><\/span><br \/>\n<label for=\"file\">Datoteka 3 (najve\u010dja dovoljena velikost datoteke: 10MB)<\/label><br \/>\n<span class=\"wpcf7-form-control-wrap\" data-name=\"file3\"><input size=\"40\" class=\"wpcf7-form-control wpcf7-file\" accept=\".pdf,.doc,.docx,.odf,.jpeg\" aria-invalid=\"false\" type=\"file\" name=\"file3\" \/><\/span>\n\t\t\t<\/p>\n\t\t<\/div>\n\t\t<div class=\"col-sm-6 input-files\">\n\t\t\t<p><label for=\"file\">Datoteka 4 (najve\u010dja dovoljena velikost datoteke: 10MB)<\/label><br \/>\n<span class=\"wpcf7-form-control-wrap\" data-name=\"file4\"><input size=\"40\" class=\"wpcf7-form-control wpcf7-file\" accept=\".pdf,.doc,.docx,.odf,.jpeg\" aria-invalid=\"false\" type=\"file\" name=\"file4\" \/><\/span><br \/>\n<label for=\"file\">Datoteka 5 (najve\u010dja dovoljena velikost datoteke: 10MB)<\/label><br \/>\n<span class=\"wpcf7-form-control-wrap\" data-name=\"file5\"><input size=\"40\" class=\"wpcf7-form-control wpcf7-file\" accept=\".pdf,.doc,.docx,.odf,.jpeg\" aria-invalid=\"false\" type=\"file\" name=\"file5\" \/><\/span>\n\t\t\t<\/p>\n\t\t<\/div>\n\t<\/div>\n\t<div class=\"row\">\n\t\t<div class=\"col-12 input-checkbox\">\n\t\t\t<p><span class=\"wpcf7-form-control-wrap\" data-name=\"acceptance\"><span class=\"wpcf7-form-control wpcf7-acceptance\"><span class=\"wpcf7-list-item\"><label><input type=\"checkbox\" name=\"acceptance\" value=\"1\" aria-invalid=\"false\" \/><span class=\"wpcf7-list-item-label\">Na spletnem naslovu www.trummer.eu\/at\/datenschutz sem prebral\/a izjavo o varovanju podatkov za kadndidate, vzel\/a sem jo na znanje in se s posredovanjem svoje prijave strinjam z navedenimi pogoji. \nKot posameznik, na katerega se nana\u0161ajo osebni podatki v smislu uredbe o varovanju osebnih podatkov, imam naslednje pravice. Prejel sem podrobne informacije o pravicah posameznika, na katerega se nana\u0161ajo osebni podatki, uveljavljanju njegovih pravic in o dolo\u010dbah o varstvu podatkov, poleg tega so informacije na voljo tudi na naslovu www.trummer.eu\/at\/datenschutz oziroma jih lahko dobim na zahtevo na naslovu team.maribor@trummer.eu. To soglasje lahko pri dru\u017ebi TRUMMER kadarkoli in brez navedbe razloga prekli\u010dem pisno po po\u0161ti ali prek e-po\u0161te na naslov team.maribor@trummer.eu *<\/span><\/label><\/span><\/span><\/span>\n\t\t\t<\/p>\n\t\t<\/div>\n\t\t<div class=\"col-12 input-checkbox\">\n\t\t\t<p><span class=\"wpcf7-form-control-wrap\" data-name=\"acceptance\"><span class=\"wpcf7-form-control wpcf7-acceptance\"><span class=\"wpcf7-list-item\"><label><input type=\"checkbox\" name=\"acceptance\" value=\"1\" aria-invalid=\"false\" \/><span class=\"wpcf7-list-item-label\">Strinjam se s posredovanjem in preverjanjem moje pro\u0161nje drugim dru\u017ebam znotraj skupine Trummer.*<\/span><\/label><\/span><\/span><\/span>\n\t\t\t<\/p>\n\t\t<\/div>\n\t<\/div>\n\t<div class=\"row\">\n\t\t<div class=\"col-12 btn-send\">\n\t\t\t<p><input class=\"wpcf7-form-control wpcf7-submit has-spinner\" type=\"submit\" value=\"po\u0161lji pro\u0161njo\" \/>\n\t\t\t<\/p>\n\t\t<\/div>\n\t<\/div>\n<\/div><div class=\"wpcf7-response-output\" aria-hidden=\"true\"><\/div>\n<\/form>\n<\/div>\n\n","protected":false},"excerpt":{"rendered":"","protected":false},"author":1,"featured_media":0,"parent":0,"menu_order":0,"comment_status":"closed","ping_status":"closed","template":"template-parts\/template-application.php","meta":{"_acf_changed":false,"footnotes":""},"class_list":["post-1021","page","type-page","status-publish","hentry"],"acf":[],"yoast_head":"<!-- This site is optimized with the Yoast SEO plugin v27.3 - https:\/\/yoast.com\/product\/yoast-seo-wordpress\/ -->\n<title>Bewerbung - Trummer Slovenia<\/title>\n<meta name=\"robots\" content=\"index, follow, max-snippet:-1, max-image-preview:large, max-video-preview:-1\" \/>\n<link rel=\"canonical\" href=\"https:\/\/trummer.eu\/sl\/bewerbung\" \/>\n<meta property=\"og:locale\" content=\"en_US\" \/>\n<meta property=\"og:type\" content=\"article\" \/>\n<meta property=\"og:title\" content=\"Bewerbung - Trummer Slovenia\" \/>\n<meta property=\"og:url\" content=\"https:\/\/trummer.eu\/sl\/bewerbung\" \/>\n<meta property=\"og:site_name\" content=\"Trummer Slovenia\" \/>\n<meta property=\"article:modified_time\" content=\"2019-07-31T07:49:36+00:00\" \/>\n<meta name=\"twitter:card\" content=\"summary_large_image\" \/>\n<script type=\"application\/ld+json\" class=\"yoast-schema-graph\">{\"@context\":\"https:\\\/\\\/schema.org\",\"@graph\":[{\"@type\":\"WebPage\",\"@id\":\"https:\\\/\\\/trummer.eu\\\/sl\\\/bewerbung\",\"url\":\"https:\\\/\\\/trummer.eu\\\/sl\\\/bewerbung\",\"name\":\"Bewerbung - Trummer Slovenia\",\"isPartOf\":{\"@id\":\"https:\\\/\\\/trummer.eu\\\/sl\\\/#website\"},\"datePublished\":\"2019-04-26T15:07:09+00:00\",\"dateModified\":\"2019-07-31T07:49:36+00:00\",\"breadcrumb\":{\"@id\":\"https:\\\/\\\/trummer.eu\\\/sl\\\/bewerbung#breadcrumb\"},\"inLanguage\":\"en-US\",\"potentialAction\":[{\"@type\":\"ReadAction\",\"target\":[\"https:\\\/\\\/trummer.eu\\\/sl\\\/bewerbung\"]}]},{\"@type\":\"BreadcrumbList\",\"@id\":\"https:\\\/\\\/trummer.eu\\\/sl\\\/bewerbung#breadcrumb\",\"itemListElement\":[{\"@type\":\"ListItem\",\"position\":1,\"name\":\"Startseite\",\"item\":\"https:\\\/\\\/trummer.eu\\\/sl\\\/\"},{\"@type\":\"ListItem\",\"position\":2,\"name\":\"Bewerbung\"}]},{\"@type\":\"WebSite\",\"@id\":\"https:\\\/\\\/trummer.eu\\\/sl\\\/#website\",\"url\":\"https:\\\/\\\/trummer.eu\\\/sl\\\/\",\"name\":\"Trummer Slovenia\",\"description\":\"Trummer | Die besten Jobs seit 1987.\",\"potentialAction\":[{\"@type\":\"SearchAction\",\"target\":{\"@type\":\"EntryPoint\",\"urlTemplate\":\"https:\\\/\\\/trummer.eu\\\/sl\\\/?s={search_term_string}\"},\"query-input\":{\"@type\":\"PropertyValueSpecification\",\"valueRequired\":true,\"valueName\":\"search_term_string\"}}],\"inLanguage\":\"en-US\"}]}<\/script>\n<!-- \/ Yoast SEO plugin. -->","yoast_head_json":{"title":"Bewerbung - Trummer Slovenia","robots":{"index":"index","follow":"follow","max-snippet":"max-snippet:-1","max-image-preview":"max-image-preview:large","max-video-preview":"max-video-preview:-1"},"canonical":"https:\/\/trummer.eu\/sl\/bewerbung","og_locale":"en_US","og_type":"article","og_title":"Bewerbung - Trummer Slovenia","og_url":"https:\/\/trummer.eu\/sl\/bewerbung","og_site_name":"Trummer Slovenia","article_modified_time":"2019-07-31T07:49:36+00:00","twitter_card":"summary_large_image","schema":{"@context":"https:\/\/schema.org","@graph":[{"@type":"WebPage","@id":"https:\/\/trummer.eu\/sl\/bewerbung","url":"https:\/\/trummer.eu\/sl\/bewerbung","name":"Bewerbung - Trummer Slovenia","isPartOf":{"@id":"https:\/\/trummer.eu\/sl\/#website"},"datePublished":"2019-04-26T15:07:09+00:00","dateModified":"2019-07-31T07:49:36+00:00","breadcrumb":{"@id":"https:\/\/trummer.eu\/sl\/bewerbung#breadcrumb"},"inLanguage":"en-US","potentialAction":[{"@type":"ReadAction","target":["https:\/\/trummer.eu\/sl\/bewerbung"]}]},{"@type":"BreadcrumbList","@id":"https:\/\/trummer.eu\/sl\/bewerbung#breadcrumb","itemListElement":[{"@type":"ListItem","position":1,"name":"Startseite","item":"https:\/\/trummer.eu\/sl\/"},{"@type":"ListItem","position":2,"name":"Bewerbung"}]},{"@type":"WebSite","@id":"https:\/\/trummer.eu\/sl\/#website","url":"https:\/\/trummer.eu\/sl\/","name":"Trummer Slovenia","description":"Trummer | Die besten Jobs seit 1987.","potentialAction":[{"@type":"SearchAction","target":{"@type":"EntryPoint","urlTemplate":"https:\/\/trummer.eu\/sl\/?s={search_term_string}"},"query-input":{"@type":"PropertyValueSpecification","valueRequired":true,"valueName":"search_term_string"}}],"inLanguage":"en-US"}]}},"_links":{"self":[{"href":"https:\/\/trummer.eu\/sl\/wp-json\/wp\/v2\/pages\/1021","targetHints":{"allow":["GET"]}}],"collection":[{"href":"https:\/\/trummer.eu\/sl\/wp-json\/wp\/v2\/pages"}],"about":[{"href":"https:\/\/trummer.eu\/sl\/wp-json\/wp\/v2\/types\/page"}],"author":[{"embeddable":true,"href":"https:\/\/trummer.eu\/sl\/wp-json\/wp\/v2\/users\/1"}],"replies":[{"embeddable":true,"href":"https:\/\/trummer.eu\/sl\/wp-json\/wp\/v2\/comments?post=1021"}],"version-history":[{"count":4,"href":"https:\/\/trummer.eu\/sl\/wp-json\/wp\/v2\/pages\/1021\/revisions"}],"predecessor-version":[{"id":1245,"href":"https:\/\/trummer.eu\/sl\/wp-json\/wp\/v2\/pages\/1021\/revisions\/1245"}],"wp:attachment":[{"href":"https:\/\/trummer.eu\/sl\/wp-json\/wp\/v2\/media?parent=1021"}],"curies":[{"name":"wp","href":"https:\/\/api.w.org\/{rel}","templated":true}]}}